{"id":7414,"date":"2022-05-23T10:27:51","date_gmt":"2022-05-23T08:27:51","guid":{"rendered":"https:\/\/janin-andre.com\/?post_type=product&#038;p=7414"},"modified":"2023-01-04T14:30:06","modified_gmt":"2023-01-04T13:30:06","slug":"gaia-cd","status":"publish","type":"product","link":"https:\/\/janin-andre.com\/en\/product\/gaia-cd\/","title":{"rendered":"Gaia &#8211; CD"},"content":{"rendered":"<p><strong>Gaia &#8211; Mutterg\u00f6ttin<\/strong><\/p>\n<p>Gaia ist das lebendige Wesen der Erde. Der Name entspringt der altgriechischen Mythologie. Dort personifizierte die G\u00f6ttin Gaia die Erde.<br \/>\nDieses Album m\u00f6chte ich Mutter Erde widmen. Daher w\u00e4hlte ich den wundersch\u00f6nen Namen &#8222;Gaia&#8220;.<br \/>\nSie ist die H\u00fcterin allen Lebens. Tief im Erdinneren befindet sich ihr Tempel, in dem sie mit ihren Schwestern \u00fcber die heilige Flamme des Jenseits wacht und allem Lebendigen Odem schenkt.<br \/>\nMutter Gaia ist die Mutter allen Lebens, der Pflanzen, der Tiere und der Menschen. Aus ihrem fruchtbaren Scho\u00df kommt alles Leben hervor und geht wieder zu ihr zur\u00fcck.<\/p>\n<p>Bei der Verwirklichung des neuen Albums war es mir ein Bed\u00fcrfnis, einen Teil der Mantras in rhythmische St\u00fccke zu verwandeln, um Kraft und Heilung freizusetzen.<\/p>\n<p>Mantramusik, bei der man richtig Lust bekommt in die H\u00e4nde zu klatschen, den K\u00f6rper zu sp\u00fcren und schwungvoll zu tanzen.<br \/>\nSchamanische Rufe, mongolische Kehlkopfges\u00e4nge, eine mongolische Pferdekopfgeige und weitere sinnliche Kl\u00e4nge und Ges\u00e4nge m\u00f6chten dich einladen, den Boden von Mutter Gaia unter deinen F\u00fc\u00dfen zu sp\u00fcren.<\/p>\n<p>F\u00fcr die meditativen Momente ist ebenfalls gesorgt.<\/p>\n<p>Ich w\u00fcnsche dir ganz tiefe Augenblicke des Ber\u00fchrtseins, des Annehmens, der Geborgenheit, der Leichtigkeit und Leidenschaft.<br \/>\nWir sind alle Kinder von Sonne, Mond und Sterne, des Himmels und der Erde, des Lichtes und der Liebe&#8230;<\/p>\n<p>&nbsp;<\/p>\n<p><strong>Infos zum Album<\/strong><\/p>\n<p>Titel: 9<br \/>\nGesamtl\u00e4nge: 61:05<br \/>\nFormat: MP3<br \/>\nProduzent: Rocco Horn (berge)<br \/>\nMusiker: Andr\u00e9 Maris (Gesang&amp;RAV VAST)<br \/>\nNasaa Ganbold (Pferdekopfgeige, Kehlkopf- &amp; Obertongesang)<br \/>\nDaniel Sauk (Gitarre)<br \/>\nDavid Ma (Piano),<br \/>\nDavid Mages (Bansuri)<br \/>\nCoverbild: Benjamin Schwering<br \/>\nBildbearbeitung: Andr\u00e9 Maris<\/p>\n<p>Copyright Janin Devi 2021<\/p>","protected":false},"excerpt":{"rendered":"<p>Release Datum: September 03,2021<br \/>\nFormat: MP3<\/p>","protected":false},"featured_media":6782,"template":"","meta":{"_et_pb_use_builder":"","_et_pb_old_content":"","_et_gb_content_width":""},"product_cat":[7],"product_tag":[],"class_list":["post-7414","product","type-product","status-publish","has-post-thumbnail","hentry","product_cat-cds"],"yoast_head":"<!-- This site is optimized with the Yoast SEO plugin v21.8 - https:\/\/yoast.com\/wordpress\/plugins\/seo\/ -->\n<title>Gaia - CD - Janin Devi &amp; Andr\u00e9 Maris<\/title>\n<meta name=\"description\" content=\"Neues Album &quot;Gaia&quot; ab sofort erh\u00e4ltlich. Gaia ist das lebendige Wesen der Erde. Dieses Album m\u00f6chte ich Mutter Erde witmen.\" \/>\n<meta name=\"robots\" content=\"index, follow, max-snippet:-1, max-image-preview:large, max-video-preview:-1\" \/>\n<link rel=\"canonical\" href=\"https:\/\/janin-andre.com\/en\/product\/gaia-cd\/\" \/>\n<meta name=\"twitter:label1\" content=\"Estimated reading time\" \/>\n\t<meta name=\"twitter:data1\" content=\"2 minutes\" \/>\n<script type=\"application\/ld+json\" class=\"yoast-schema-graph\">{\"@context\":\"https:\/\/schema.org\",\"@graph\":[{\"@type\":\"WebPage\",\"@id\":\"https:\/\/janin-andre.com\/produkt\/gaia-cd\/\",\"url\":\"https:\/\/janin-andre.com\/produkt\/gaia-cd\/\",\"name\":\"Gaia - CD - Janin Devi & Andr\u00e9 Maris\",\"isPartOf\":{\"@id\":\"https:\/\/janin-andre.com\/en\/#website\"},\"datePublished\":\"2022-05-23T08:27:51+00:00\",\"dateModified\":\"2023-01-04T13:30:06+00:00\",\"description\":\"Neues Album \\\"Gaia\\\" ab sofort erh\u00e4ltlich. Gaia ist das lebendige Wesen der Erde. Dieses Album m\u00f6chte ich Mutter Erde witmen.\",\"breadcrumb\":{\"@id\":\"https:\/\/janin-andre.com\/produkt\/gaia-cd\/#breadcrumb\"},\"inLanguage\":\"en-GB\",\"potentialAction\":[{\"@type\":\"ReadAction\",\"target\":[\"https:\/\/janin-andre.com\/produkt\/gaia-cd\/\"]}]},{\"@type\":\"BreadcrumbList\",\"@id\":\"https:\/\/janin-andre.com\/produkt\/gaia-cd\/#breadcrumb\",\"itemListElement\":[{\"@type\":\"ListItem\",\"position\":1,\"name\":\"Startseite\",\"item\":\"https:\/\/janin-andre.com\/\"},{\"@type\":\"ListItem\",\"position\":2,\"name\":\"Shop\",\"item\":\"https:\/\/janin-andre.com\/en\/shop\/\"},{\"@type\":\"ListItem\",\"position\":3,\"name\":\"Gaia &#8211; CD\"}]},{\"@type\":\"WebSite\",\"@id\":\"https:\/\/janin-andre.com\/en\/#website\",\"url\":\"https:\/\/janin-andre.com\/en\/\",\"name\":\"Janin Devi & Andr\u00e9 Maris\",\"description\":\"Transforming Artists\",\"publisher\":{\"@id\":\"https:\/\/janin-andre.com\/en\/#organization\"},\"potentialAction\":[{\"@type\":\"SearchAction\",\"target\":{\"@type\":\"EntryPoint\",\"urlTemplate\":\"https:\/\/janin-andre.com\/en\/?s={search_term_string}\"},\"query-input\":\"required name=search_term_string\"}],\"inLanguage\":\"en-GB\"},{\"@type\":\"Organization\",\"@id\":\"https:\/\/janin-andre.com\/en\/#organization\",\"name\":\"Janin Devi & Andr\u00e9 Maris\",\"alternateName\":\"Janin & Anr\u00e9\",\"url\":\"https:\/\/janin-andre.com\/en\/\",\"logo\":{\"@type\":\"ImageObject\",\"inLanguage\":\"en-GB\",\"@id\":\"https:\/\/janin-andre.com\/en\/#\/schema\/logo\/image\/\",\"url\":\"https:\/\/janin-andre.com\/wp-content\/uploads\/2025\/09\/DSC6622-scaled.jpg\",\"contentUrl\":\"https:\/\/janin-andre.com\/wp-content\/uploads\/2025\/09\/DSC6622-scaled.jpg\",\"width\":1920,\"height\":1281,\"caption\":\"Janin Devi & Andr\u00e9 Maris\"},\"image\":{\"@id\":\"https:\/\/janin-andre.com\/en\/#\/schema\/logo\/image\/\"},\"sameAs\":[\"https:\/\/www.facebook.com\/janindevi.andremaris\/?fref=ts\",\"https:\/\/www.youtube.com\/user\/JaninDevi\"]}]}<\/script>\n<!-- \/ Yoast SEO plugin. -->","yoast_head_json":{"title":"Gaia - CD - Janin Devi & Andr\u00e9 Maris","description":"Neues Album \"Gaia\" ab sofort erh\u00e4ltlich. Gaia ist das lebendige Wesen der Erde. Dieses Album m\u00f6chte ich Mutter Erde witmen.","robots":{"index":"index","follow":"follow","max-snippet":"max-snippet:-1","max-image-preview":"max-image-preview:large","max-video-preview":"max-video-preview:-1"},"canonical":"https:\/\/janin-andre.com\/en\/product\/gaia-cd\/","twitter_misc":{"Estimated reading time":"2 minutes"},"schema":{"@context":"https:\/\/schema.org","@graph":[{"@type":"WebPage","@id":"https:\/\/janin-andre.com\/produkt\/gaia-cd\/","url":"https:\/\/janin-andre.com\/produkt\/gaia-cd\/","name":"Gaia - CD - Janin Devi & Andr\u00e9 Maris","isPartOf":{"@id":"https:\/\/janin-andre.com\/en\/#website"},"datePublished":"2022-05-23T08:27:51+00:00","dateModified":"2023-01-04T13:30:06+00:00","description":"Neues Album \"Gaia\" ab sofort erh\u00e4ltlich. Gaia ist das lebendige Wesen der Erde. Dieses Album m\u00f6chte ich Mutter Erde witmen.","breadcrumb":{"@id":"https:\/\/janin-andre.com\/produkt\/gaia-cd\/#breadcrumb"},"inLanguage":"en-GB","potentialAction":[{"@type":"ReadAction","target":["https:\/\/janin-andre.com\/produkt\/gaia-cd\/"]}]},{"@type":"BreadcrumbList","@id":"https:\/\/janin-andre.com\/produkt\/gaia-cd\/#breadcrumb","itemListElement":[{"@type":"ListItem","position":1,"name":"Startseite","item":"https:\/\/janin-andre.com\/"},{"@type":"ListItem","position":2,"name":"Shop","item":"https:\/\/janin-andre.com\/en\/shop\/"},{"@type":"ListItem","position":3,"name":"Gaia &#8211; CD"}]},{"@type":"WebSite","@id":"https:\/\/janin-andre.com\/en\/#website","url":"https:\/\/janin-andre.com\/en\/","name":"Janin Devi & Andr\u00e9 Maris","description":"Transforming Artists","publisher":{"@id":"https:\/\/janin-andre.com\/en\/#organization"},"potentialAction":[{"@type":"SearchAction","target":{"@type":"EntryPoint","urlTemplate":"https:\/\/janin-andre.com\/en\/?s={search_term_string}"},"query-input":"required name=search_term_string"}],"inLanguage":"en-GB"},{"@type":"Organization","@id":"https:\/\/janin-andre.com\/en\/#organization","name":"Janin Devi & Andr\u00e9 Maris","alternateName":"Janin & Anr\u00e9","url":"https:\/\/janin-andre.com\/en\/","logo":{"@type":"ImageObject","inLanguage":"en-GB","@id":"https:\/\/janin-andre.com\/en\/#\/schema\/logo\/image\/","url":"https:\/\/janin-andre.com\/wp-content\/uploads\/2025\/09\/DSC6622-scaled.jpg","contentUrl":"https:\/\/janin-andre.com\/wp-content\/uploads\/2025\/09\/DSC6622-scaled.jpg","width":1920,"height":1281,"caption":"Janin Devi & Andr\u00e9 Maris"},"image":{"@id":"https:\/\/janin-andre.com\/en\/#\/schema\/logo\/image\/"},"sameAs":["https:\/\/www.facebook.com\/janindevi.andremaris\/?fref=ts","https:\/\/www.youtube.com\/user\/JaninDevi"]}]}},"_links":{"self":[{"href":"https:\/\/janin-andre.com\/en\/wp-json\/wp\/v2\/product\/7414","targetHints":{"allow":["GET"]}}],"collection":[{"href":"https:\/\/janin-andre.com\/en\/wp-json\/wp\/v2\/product"}],"about":[{"href":"https:\/\/janin-andre.com\/en\/wp-json\/wp\/v2\/types\/product"}],"wp:featuredmedia":[{"embeddable":true,"href":"https:\/\/janin-andre.com\/en\/wp-json\/wp\/v2\/media\/6782"}],"wp:attachment":[{"href":"https:\/\/janin-andre.com\/en\/wp-json\/wp\/v2\/media?parent=7414"}],"wp:term":[{"taxonomy":"product_cat","embeddable":true,"href":"https:\/\/janin-andre.com\/en\/wp-json\/wp\/v2\/product_cat?post=7414"},{"taxonomy":"product_tag","embeddable":true,"href":"https:\/\/janin-andre.com\/en\/wp-json\/wp\/v2\/product_tag?post=7414"}],"curies":[{"name":"wp","href":"https:\/\/api.w.org\/{rel}","templated":true}]}}