{"id":5005,"date":"2020-02-15T18:41:48","date_gmt":"2020-02-15T17:41:48","guid":{"rendered":"https:\/\/janin-andre.com\/?post_type=product&#038;p=5005"},"modified":"2023-01-04T14:30:59","modified_gmt":"2023-01-04T13:30:59","slug":"wach","status":"publish","type":"product","link":"https:\/\/janin-andre.com\/en\/product\/wach\/","title":{"rendered":"Wach &#8211; CD"},"content":{"rendered":"<p>Ab sofort ist es erh\u00e4ltlich, das erste selbst produzierte Deutsche Album von Andr\u00e9 Maris klingt hoffnungsvoll und sph\u00e4risch, liebevoll und sensibel, klar und kritisch und vor allem ganz relaxed. Neben der bekannten gleichnamigen Hymne &#8222;Wach&#8220; gibt es die eine oder andere \u00dcberraschung auf dem Album. So erblickt eine neue Version von &#8222;Lieb dich selbst&#8220; (bereits auf dem Album &#8222;<a href=\"https:\/\/janin-andre.com\/produkte\/heimwaerts\">Heimw\u00e4rts<\/a>&#8220; erschienen) die Welt. Zwei Titel singt der Tiroler in original Mundart. Wie immer wollen die Texte nicht nur unterhalten, sondern vor allem bewegen. Bewegen auf sein Herz zu h\u00f6ren, an eine lebenswerte Zukunft zu glauben, unbequeme Fragen zu stellen, wenn n\u00f6tig und in der Stille Frieden zu finden.<\/p>","protected":false},"excerpt":{"rendered":"<p>Ab sofort ist es erh\u00e4ltlich, das erste selbst produzierte Deutsche Album von Andr\u00e9 Maris klingt hoffnungsvoll und sph\u00e4risch, liebevoll und sensibel, klar und kritisch und vor allem ganz relaxed. Neben der bekannten gleichnamigen Hymne &#8222;Wach&#8220; gibt es die eine oder andere \u00dcberraschung auf dem Album. So erblickt eine neue Version von &#8222;Lieb dich selbst&#8220; (bereits [&hellip;]<\/p>","protected":false},"featured_media":5007,"template":"","meta":{"_et_pb_use_builder":"off","_et_pb_old_content":"Ab sofort ist es erh\u00e4ltlich, das erste selbst produzierte Deutsche Album von Andr\u00e9 Maris klingt hoffnungsvoll und sph\u00e4risch, liebevoll und sensibel, klar und kritisch und vor allem ganz relaxed.\r\n\r\nNeben der bekannten gleichnamigen Hymne \"Wach\" gibt es die eine oder andere \u00dcberraschung auf dem Album. So erblickt eine neue Version von \"Lieb dich selbst\" (bereits auf dem Album \"<a href=\"https:\/\/janin-andre.com\/produkte\/heimwaerts\">Heimw\u00e4rts<\/a>\" erschienen) die Welt. Zwei Titel singt der Tiroler in original Mundart.\r\n\r\nWie immer wollen die Texte nicht nur unterhalten, sondern vor allem bewegen. Bewegen auf sein Herz zu h\u00f6ren, an eine lebenswerte Zukunft zu glauben, unbequeme Fragen zu stellen, wenn n\u00f6tig und in der Stille Frieden zu finden.","_et_gb_content_width":""},"product_cat":[7],"product_tag":[],"class_list":["post-5005","product","type-product","status-publish","has-post-thumbnail","hentry","product_cat-cds"],"yoast_head":"<!-- This site is optimized with the Yoast SEO plugin v21.8 - https:\/\/yoast.com\/wordpress\/plugins\/seo\/ -->\n<title>Wach - CD - Janin Devi &amp; Andr\u00e9 Maris<\/title>\n<meta name=\"robots\" content=\"index, follow, max-snippet:-1, max-image-preview:large, max-video-preview:-1\" \/>\n<link rel=\"canonical\" href=\"https:\/\/janin-andre.com\/en\/product\/wach\/\" \/>\n<meta name=\"twitter:label1\" content=\"Estimated reading time\" \/>\n\t<meta name=\"twitter:data1\" content=\"1 minute\" \/>\n<script type=\"application\/ld+json\" class=\"yoast-schema-graph\">{\"@context\":\"https:\/\/schema.org\",\"@graph\":[{\"@type\":\"WebPage\",\"@id\":\"https:\/\/janin-andre.com\/produkt\/wach\/\",\"url\":\"https:\/\/janin-andre.com\/produkt\/wach\/\",\"name\":\"Wach - CD - Janin Devi & Andr\u00e9 Maris\",\"isPartOf\":{\"@id\":\"https:\/\/janin-andre.com\/en\/#website\"},\"datePublished\":\"2020-02-15T17:41:48+00:00\",\"dateModified\":\"2023-01-04T13:30:59+00:00\",\"breadcrumb\":{\"@id\":\"https:\/\/janin-andre.com\/produkt\/wach\/#breadcrumb\"},\"inLanguage\":\"en-GB\",\"potentialAction\":[{\"@type\":\"ReadAction\",\"target\":[\"https:\/\/janin-andre.com\/produkt\/wach\/\"]}]},{\"@type\":\"BreadcrumbList\",\"@id\":\"https:\/\/janin-andre.com\/produkt\/wach\/#breadcrumb\",\"itemListElement\":[{\"@type\":\"ListItem\",\"position\":1,\"name\":\"Startseite\",\"item\":\"https:\/\/janin-andre.com\/\"},{\"@type\":\"ListItem\",\"position\":2,\"name\":\"Shop\",\"item\":\"https:\/\/janin-andre.com\/en\/shop\/\"},{\"@type\":\"ListItem\",\"position\":3,\"name\":\"Wach &#8211; CD\"}]},{\"@type\":\"WebSite\",\"@id\":\"https:\/\/janin-andre.com\/en\/#website\",\"url\":\"https:\/\/janin-andre.com\/en\/\",\"name\":\"Janin Devi & Andr\u00e9 Maris\",\"description\":\"Transforming Artists\",\"publisher\":{\"@id\":\"https:\/\/janin-andre.com\/en\/#organization\"},\"potentialAction\":[{\"@type\":\"SearchAction\",\"target\":{\"@type\":\"EntryPoint\",\"urlTemplate\":\"https:\/\/janin-andre.com\/en\/?s={search_term_string}\"},\"query-input\":\"required name=search_term_string\"}],\"inLanguage\":\"en-GB\"},{\"@type\":\"Organization\",\"@id\":\"https:\/\/janin-andre.com\/en\/#organization\",\"name\":\"Janin Devi & Andr\u00e9 Maris\",\"alternateName\":\"Janin & Anr\u00e9\",\"url\":\"https:\/\/janin-andre.com\/en\/\",\"logo\":{\"@type\":\"ImageObject\",\"inLanguage\":\"en-GB\",\"@id\":\"https:\/\/janin-andre.com\/en\/#\/schema\/logo\/image\/\",\"url\":\"https:\/\/janin-andre.com\/wp-content\/uploads\/2025\/09\/DSC6622-scaled.jpg\",\"contentUrl\":\"https:\/\/janin-andre.com\/wp-content\/uploads\/2025\/09\/DSC6622-scaled.jpg\",\"width\":1920,\"height\":1281,\"caption\":\"Janin Devi & Andr\u00e9 Maris\"},\"image\":{\"@id\":\"https:\/\/janin-andre.com\/en\/#\/schema\/logo\/image\/\"},\"sameAs\":[\"https:\/\/www.facebook.com\/janindevi.andremaris\/?fref=ts\",\"https:\/\/www.youtube.com\/user\/JaninDevi\"]}]}<\/script>\n<!-- \/ Yoast SEO plugin. -->","yoast_head_json":{"title":"Wach - CD - Janin Devi & Andr\u00e9 Maris","robots":{"index":"index","follow":"follow","max-snippet":"max-snippet:-1","max-image-preview":"max-image-preview:large","max-video-preview":"max-video-preview:-1"},"canonical":"https:\/\/janin-andre.com\/en\/product\/wach\/","twitter_misc":{"Estimated reading time":"1 minute"},"schema":{"@context":"https:\/\/schema.org","@graph":[{"@type":"WebPage","@id":"https:\/\/janin-andre.com\/produkt\/wach\/","url":"https:\/\/janin-andre.com\/produkt\/wach\/","name":"Wach - CD - Janin Devi & Andr\u00e9 Maris","isPartOf":{"@id":"https:\/\/janin-andre.com\/en\/#website"},"datePublished":"2020-02-15T17:41:48+00:00","dateModified":"2023-01-04T13:30:59+00:00","breadcrumb":{"@id":"https:\/\/janin-andre.com\/produkt\/wach\/#breadcrumb"},"inLanguage":"en-GB","potentialAction":[{"@type":"ReadAction","target":["https:\/\/janin-andre.com\/produkt\/wach\/"]}]},{"@type":"BreadcrumbList","@id":"https:\/\/janin-andre.com\/produkt\/wach\/#breadcrumb","itemListElement":[{"@type":"ListItem","position":1,"name":"Startseite","item":"https:\/\/janin-andre.com\/"},{"@type":"ListItem","position":2,"name":"Shop","item":"https:\/\/janin-andre.com\/en\/shop\/"},{"@type":"ListItem","position":3,"name":"Wach &#8211; CD"}]},{"@type":"WebSite","@id":"https:\/\/janin-andre.com\/en\/#website","url":"https:\/\/janin-andre.com\/en\/","name":"Janin Devi & Andr\u00e9 Maris","description":"Transforming Artists","publisher":{"@id":"https:\/\/janin-andre.com\/en\/#organization"},"potentialAction":[{"@type":"SearchAction","target":{"@type":"EntryPoint","urlTemplate":"https:\/\/janin-andre.com\/en\/?s={search_term_string}"},"query-input":"required name=search_term_string"}],"inLanguage":"en-GB"},{"@type":"Organization","@id":"https:\/\/janin-andre.com\/en\/#organization","name":"Janin Devi & Andr\u00e9 Maris","alternateName":"Janin & Anr\u00e9","url":"https:\/\/janin-andre.com\/en\/","logo":{"@type":"ImageObject","inLanguage":"en-GB","@id":"https:\/\/janin-andre.com\/en\/#\/schema\/logo\/image\/","url":"https:\/\/janin-andre.com\/wp-content\/uploads\/2025\/09\/DSC6622-scaled.jpg","contentUrl":"https:\/\/janin-andre.com\/wp-content\/uploads\/2025\/09\/DSC6622-scaled.jpg","width":1920,"height":1281,"caption":"Janin Devi & Andr\u00e9 Maris"},"image":{"@id":"https:\/\/janin-andre.com\/en\/#\/schema\/logo\/image\/"},"sameAs":["https:\/\/www.facebook.com\/janindevi.andremaris\/?fref=ts","https:\/\/www.youtube.com\/user\/JaninDevi"]}]}},"_links":{"self":[{"href":"https:\/\/janin-andre.com\/en\/wp-json\/wp\/v2\/product\/5005","targetHints":{"allow":["GET"]}}],"collection":[{"href":"https:\/\/janin-andre.com\/en\/wp-json\/wp\/v2\/product"}],"about":[{"href":"https:\/\/janin-andre.com\/en\/wp-json\/wp\/v2\/types\/product"}],"wp:featuredmedia":[{"embeddable":true,"href":"https:\/\/janin-andre.com\/en\/wp-json\/wp\/v2\/media\/5007"}],"wp:attachment":[{"href":"https:\/\/janin-andre.com\/en\/wp-json\/wp\/v2\/media?parent=5005"}],"wp:term":[{"taxonomy":"product_cat","embeddable":true,"href":"https:\/\/janin-andre.com\/en\/wp-json\/wp\/v2\/product_cat?post=5005"},{"taxonomy":"product_tag","embeddable":true,"href":"https:\/\/janin-andre.com\/en\/wp-json\/wp\/v2\/product_tag?post=5005"}],"curies":[{"name":"wp","href":"https:\/\/api.w.org\/{rel}","templated":true}]}}