{"id":3688,"date":"2017-05-04T18:39:50","date_gmt":"2017-05-04T16:39:50","guid":{"rendered":"https:\/\/janin-andre.com\/en\/?post_type=product&#038;p=3688"},"modified":"2022-01-03T18:04:42","modified_gmt":"2022-01-03T17:04:42","slug":"bhaktiprayers","status":"publish","type":"product","link":"https:\/\/janin-andre.com\/en\/product\/bhaktiprayers\/","title":{"rendered":"Bhaktiprayers Album &#8211; MP3 Download + CD Booklet (ohne Yoga-Anleitung)"},"content":{"rendered":"<p><em>\u201eJeder Atemzug und jeder Moment bergen die Gelegenheit, unseren K\u00f6rper, unseren Geist und unser gesamtes Leben als ein Gebet zu formen an das, was wir nie in Worte fassen k\u00f6nnen und welches uns dennoch stets durchstr\u00f6mt und begleitet.\u201c<\/em><\/p>\n<p>Die CD <strong>Bhaktiprayers<\/strong> ist entstanden aus hingebungsvoller Arbeit mit Yoga und Musik. Ihr interaktiver Charakter erweckt das reine H\u00f6rvergn\u00fcgen und beinhaltet zudem die Anleitung und Beschreibung der Mantra-Yoga-Stunde im Booklet. Janin Devi schafft mit ihrem Sinn f\u00fcr energetisierende Melodien ein gehaltvolles Klangwerk f\u00fcr ein Bewusstsein, das dich in Liebe entschl\u00fcsselt.<\/p>\n<p>Spieldauer: 71:39 Min.<\/p>\n<p>Der MP3 Download enth\u00e4lt neben den 14 St\u00fccken auch das komplette\u00a0<strong>CD-Booklet.<\/strong><\/p>","protected":false},"excerpt":{"rendered":"<p>\u201eJeder Atemzug und jeder Moment bergen die Gelegenheit, unseren K\u00f6rper, unseren Geist und unser gesamtes Leben als ein Gebet zu formen an das, was wir nie in Worte fassen k\u00f6nnen und welches uns dennoch stets durchstr\u00f6mt und begleitet.\u201c Die CD Bhaktiprayers ist entstanden aus hingebungsvoller Arbeit mit Yoga und Musik. Ihr interaktiver Charakter erweckt das [&hellip;]<\/p>","protected":false},"featured_media":3732,"template":"","meta":{"_et_pb_use_builder":"","_et_pb_old_content":"","_et_gb_content_width":""},"product_cat":[16,61],"product_tag":[],"class_list":["post-3688","product","type-product","status-publish","has-post-thumbnail","hentry","product_cat-mp3-downloads","product_cat-english"],"yoast_head":"<!-- This site is optimized with the Yoast SEO plugin v21.8 - https:\/\/yoast.com\/wordpress\/plugins\/seo\/ -->\n<title>Bhaktiprayers Album - MP3 Download + CD Booklet (ohne Yoga-Anleitung) - Janin Devi &amp; Andr\u00e9 Maris<\/title>\n<meta name=\"robots\" content=\"index, follow, max-snippet:-1, max-image-preview:large, max-video-preview:-1\" \/>\n<link rel=\"canonical\" href=\"https:\/\/janin-andre.com\/en\/product\/bhaktiprayers\/\" \/>\n<meta name=\"twitter:label1\" content=\"Estimated reading time\" \/>\n\t<meta name=\"twitter:data1\" content=\"1 minute\" \/>\n<script type=\"application\/ld+json\" class=\"yoast-schema-graph\">{\"@context\":\"https:\/\/schema.org\",\"@graph\":[{\"@type\":\"WebPage\",\"@id\":\"https:\/\/janin-andre.com\/produkt\/bhaktiprayers\/\",\"url\":\"https:\/\/janin-andre.com\/produkt\/bhaktiprayers\/\",\"name\":\"Bhaktiprayers Album - MP3 Download + CD Booklet (ohne Yoga-Anleitung) - Janin Devi & Andr\u00e9 Maris\",\"isPartOf\":{\"@id\":\"https:\/\/janin-andre.com\/en\/#website\"},\"datePublished\":\"2017-05-04T16:39:50+00:00\",\"dateModified\":\"2022-01-03T17:04:42+00:00\",\"breadcrumb\":{\"@id\":\"https:\/\/janin-andre.com\/produkt\/bhaktiprayers\/#breadcrumb\"},\"inLanguage\":\"en-GB\",\"potentialAction\":[{\"@type\":\"ReadAction\",\"target\":[\"https:\/\/janin-andre.com\/produkt\/bhaktiprayers\/\"]}]},{\"@type\":\"BreadcrumbList\",\"@id\":\"https:\/\/janin-andre.com\/produkt\/bhaktiprayers\/#breadcrumb\",\"itemListElement\":[{\"@type\":\"ListItem\",\"position\":1,\"name\":\"Startseite\",\"item\":\"https:\/\/janin-andre.com\/\"},{\"@type\":\"ListItem\",\"position\":2,\"name\":\"Shop\",\"item\":\"https:\/\/janin-andre.com\/en\/shop\/\"},{\"@type\":\"ListItem\",\"position\":3,\"name\":\"Bhaktiprayers Album &#8211; MP3 Download + CD Booklet (ohne Yoga-Anleitung)\"}]},{\"@type\":\"WebSite\",\"@id\":\"https:\/\/janin-andre.com\/en\/#website\",\"url\":\"https:\/\/janin-andre.com\/en\/\",\"name\":\"Janin Devi & Andr\u00e9 Maris\",\"description\":\"Transforming Artists\",\"publisher\":{\"@id\":\"https:\/\/janin-andre.com\/en\/#organization\"},\"potentialAction\":[{\"@type\":\"SearchAction\",\"target\":{\"@type\":\"EntryPoint\",\"urlTemplate\":\"https:\/\/janin-andre.com\/en\/?s={search_term_string}\"},\"query-input\":\"required name=search_term_string\"}],\"inLanguage\":\"en-GB\"},{\"@type\":\"Organization\",\"@id\":\"https:\/\/janin-andre.com\/en\/#organization\",\"name\":\"Janin Devi & Andr\u00e9 Maris\",\"alternateName\":\"Janin & Anr\u00e9\",\"url\":\"https:\/\/janin-andre.com\/en\/\",\"logo\":{\"@type\":\"ImageObject\",\"inLanguage\":\"en-GB\",\"@id\":\"https:\/\/janin-andre.com\/en\/#\/schema\/logo\/image\/\",\"url\":\"https:\/\/janin-andre.com\/wp-content\/uploads\/2025\/09\/DSC6622-scaled.jpg\",\"contentUrl\":\"https:\/\/janin-andre.com\/wp-content\/uploads\/2025\/09\/DSC6622-scaled.jpg\",\"width\":1920,\"height\":1281,\"caption\":\"Janin Devi & Andr\u00e9 Maris\"},\"image\":{\"@id\":\"https:\/\/janin-andre.com\/en\/#\/schema\/logo\/image\/\"},\"sameAs\":[\"https:\/\/www.facebook.com\/janindevi.andremaris\/?fref=ts\",\"https:\/\/www.youtube.com\/user\/JaninDevi\"]}]}<\/script>\n<!-- \/ Yoast SEO plugin. -->","yoast_head_json":{"title":"Bhaktiprayers Album - MP3 Download + CD Booklet (ohne Yoga-Anleitung) - Janin Devi & Andr\u00e9 Maris","robots":{"index":"index","follow":"follow","max-snippet":"max-snippet:-1","max-image-preview":"max-image-preview:large","max-video-preview":"max-video-preview:-1"},"canonical":"https:\/\/janin-andre.com\/en\/product\/bhaktiprayers\/","twitter_misc":{"Estimated reading time":"1 minute"},"schema":{"@context":"https:\/\/schema.org","@graph":[{"@type":"WebPage","@id":"https:\/\/janin-andre.com\/produkt\/bhaktiprayers\/","url":"https:\/\/janin-andre.com\/produkt\/bhaktiprayers\/","name":"Bhaktiprayers Album - MP3 Download + CD Booklet (ohne Yoga-Anleitung) - Janin Devi & Andr\u00e9 Maris","isPartOf":{"@id":"https:\/\/janin-andre.com\/en\/#website"},"datePublished":"2017-05-04T16:39:50+00:00","dateModified":"2022-01-03T17:04:42+00:00","breadcrumb":{"@id":"https:\/\/janin-andre.com\/produkt\/bhaktiprayers\/#breadcrumb"},"inLanguage":"en-GB","potentialAction":[{"@type":"ReadAction","target":["https:\/\/janin-andre.com\/produkt\/bhaktiprayers\/"]}]},{"@type":"BreadcrumbList","@id":"https:\/\/janin-andre.com\/produkt\/bhaktiprayers\/#breadcrumb","itemListElement":[{"@type":"ListItem","position":1,"name":"Startseite","item":"https:\/\/janin-andre.com\/"},{"@type":"ListItem","position":2,"name":"Shop","item":"https:\/\/janin-andre.com\/en\/shop\/"},{"@type":"ListItem","position":3,"name":"Bhaktiprayers Album &#8211; MP3 Download + CD Booklet (ohne Yoga-Anleitung)"}]},{"@type":"WebSite","@id":"https:\/\/janin-andre.com\/en\/#website","url":"https:\/\/janin-andre.com\/en\/","name":"Janin Devi & Andr\u00e9 Maris","description":"Transforming Artists","publisher":{"@id":"https:\/\/janin-andre.com\/en\/#organization"},"potentialAction":[{"@type":"SearchAction","target":{"@type":"EntryPoint","urlTemplate":"https:\/\/janin-andre.com\/en\/?s={search_term_string}"},"query-input":"required name=search_term_string"}],"inLanguage":"en-GB"},{"@type":"Organization","@id":"https:\/\/janin-andre.com\/en\/#organization","name":"Janin Devi & Andr\u00e9 Maris","alternateName":"Janin & Anr\u00e9","url":"https:\/\/janin-andre.com\/en\/","logo":{"@type":"ImageObject","inLanguage":"en-GB","@id":"https:\/\/janin-andre.com\/en\/#\/schema\/logo\/image\/","url":"https:\/\/janin-andre.com\/wp-content\/uploads\/2025\/09\/DSC6622-scaled.jpg","contentUrl":"https:\/\/janin-andre.com\/wp-content\/uploads\/2025\/09\/DSC6622-scaled.jpg","width":1920,"height":1281,"caption":"Janin Devi & Andr\u00e9 Maris"},"image":{"@id":"https:\/\/janin-andre.com\/en\/#\/schema\/logo\/image\/"},"sameAs":["https:\/\/www.facebook.com\/janindevi.andremaris\/?fref=ts","https:\/\/www.youtube.com\/user\/JaninDevi"]}]}},"_links":{"self":[{"href":"https:\/\/janin-andre.com\/en\/wp-json\/wp\/v2\/product\/3688","targetHints":{"allow":["GET"]}}],"collection":[{"href":"https:\/\/janin-andre.com\/en\/wp-json\/wp\/v2\/product"}],"about":[{"href":"https:\/\/janin-andre.com\/en\/wp-json\/wp\/v2\/types\/product"}],"wp:featuredmedia":[{"embeddable":true,"href":"https:\/\/janin-andre.com\/en\/wp-json\/wp\/v2\/media\/3732"}],"wp:attachment":[{"href":"https:\/\/janin-andre.com\/en\/wp-json\/wp\/v2\/media?parent=3688"}],"wp:term":[{"taxonomy":"product_cat","embeddable":true,"href":"https:\/\/janin-andre.com\/en\/wp-json\/wp\/v2\/product_cat?post=3688"},{"taxonomy":"product_tag","embeddable":true,"href":"https:\/\/janin-andre.com\/en\/wp-json\/wp\/v2\/product_tag?post=3688"}],"curies":[{"name":"wp","href":"https:\/\/api.w.org\/{rel}","templated":true}]}}