{"id":2819,"date":"2017-05-05T15:31:04","date_gmt":"2017-05-05T13:31:04","guid":{"rendered":"http:\/\/janin-andre.com\/?post_type=product&#038;p=2819"},"modified":"2022-01-03T18:04:35","modified_gmt":"2022-01-03T17:04:35","slug":"avatara-cd-mp3-download","status":"publish","type":"product","link":"https:\/\/janin-andre.com\/en\/product\/avatara-cd-mp3-download\/","title":{"rendered":"Avatara Album- MP3 Download"},"content":{"rendered":"<p><strong>AVATARA<\/strong>\u00a0\u2013 Janin Devi &#038; Thomas Riedel,<br \/>\n<em>Gedichte von Alma Kathrin Wagener<\/em><\/p>\n<p>Komposition trifft auf Gesang, Atem, Raum und Poesie- Seit 2014 begleitet Janin Devi die Musik von dem Komponisten Thomas Riedel. Entstehungsgeschichte:<br \/>\nEines Abends legte Thomas seine Musik auf. Nach wenigen Augenblicken, standen Janin die Haare zu Berge: Was f\u00fcr eine segensreiche , lichtdurchstr\u00f6mende , \u00fcberraschende Klangwogenwelle die auf sie zusteuerte und direkt in ihrem Herzen Einzug hielt\u2026<br \/>\nWelche Gedichte k\u00f6nnten diese Klangschwingung noch besser emporheben, als die magischen Zeilen von Alma Katrin Wagener?<br \/>\nSo gleich nahm Janin einen ihrer Texte zur Hand und alles weitere geschah;<br \/>\nGesang und Wort tanzten einen wonnig feinen Zaubertanz, hin zu gro\u00dfen Wesen, hin zur Liebe, zum Sein\u2026<\/p>\n<p>Avatara (Sanskrit, m., \u0905\u0935\u0924\u093e\u0930, avat\u0101ra, w\u00f6rtl.: \u201eAbstieg\u201c, von ava- \u201ehinab\u201c und t\u1e5d \u201e\u00fcberqueren\u201c) bezeichnet im Hinduismus die Manifestation des h\u00f6chsten Prinzips (Brahman) oder einen g\u00f6ttlichen Aspekt, der die Gestalt eines Menschen oder Tieres annimmt. Avatara bezieht sich immer auf Gott selbst oder seine Kraft (Chit-Shakti), die sich in einer besonderen gottgeweihten Seele (Atman) manifestiert bzw. zu dieser Seele hinabsteigt. In der Theosophie bezeichnet Avatara allgemein die Inkarnation des G\u00f6ttlichen.<br \/>\n<small>Quelle: Wikipedia<\/small><\/p>\n<p><a href=\"https:\/\/janin-andre.com\/wp-content\/uploads\/2016\/05\/Avatara-PDF.zip\">Avatara Texte &#038; Akkorde downloaden<\/a><\/p>","protected":false},"excerpt":{"rendered":"<p>AVATARA\u00a0\u2013 Janin Devi &#038; Thomas Riedel, Gedichte von Alma Kathrin Wagener Komposition trifft auf Gesang, Atem, Raum und Poesie- Seit 2014 begleitet Janin Devi die Musik von dem Komponisten Thomas Riedel. Entstehungsgeschichte: Eines Abends legte Thomas seine Musik auf. Nach wenigen Augenblicken, standen Janin die Haare zu Berge: Was f\u00fcr eine segensreiche , lichtdurchstr\u00f6mende , [&hellip;]<\/p>","protected":false},"featured_media":2820,"template":"","meta":{"_et_pb_use_builder":"","_et_pb_old_content":"","_et_gb_content_width":""},"product_cat":[16],"product_tag":[],"class_list":["post-2819","product","type-product","status-publish","has-post-thumbnail","hentry","product_cat-mp3-downloads"],"yoast_head":"<!-- This site is optimized with the Yoast SEO plugin v21.8 - https:\/\/yoast.com\/wordpress\/plugins\/seo\/ -->\n<title>Avatara Album- MP3 Download - Janin Devi &amp; Andr\u00e9 Maris<\/title>\n<meta name=\"robots\" content=\"index, follow, max-snippet:-1, max-image-preview:large, max-video-preview:-1\" \/>\n<link rel=\"canonical\" href=\"https:\/\/janin-andre.com\/en\/product\/avatara-cd-mp3-download\/\" \/>\n<meta name=\"twitter:label1\" content=\"Estimated reading time\" \/>\n\t<meta name=\"twitter:data1\" content=\"1 minute\" \/>\n<script type=\"application\/ld+json\" class=\"yoast-schema-graph\">{\"@context\":\"https:\/\/schema.org\",\"@graph\":[{\"@type\":\"WebPage\",\"@id\":\"https:\/\/janin-andre.com\/en\/product\/avatara-cd-mp3-download\/\",\"url\":\"https:\/\/janin-andre.com\/en\/product\/avatara-cd-mp3-download\/\",\"name\":\"Avatara Album- MP3 Download - Janin Devi & Andr\u00e9 Maris\",\"isPartOf\":{\"@id\":\"https:\/\/janin-andre.com\/en\/#website\"},\"datePublished\":\"2017-05-05T13:31:04+00:00\",\"dateModified\":\"2022-01-03T17:04:35+00:00\",\"breadcrumb\":{\"@id\":\"https:\/\/janin-andre.com\/en\/product\/avatara-cd-mp3-download\/#breadcrumb\"},\"inLanguage\":\"en-GB\",\"potentialAction\":[{\"@type\":\"ReadAction\",\"target\":[\"https:\/\/janin-andre.com\/en\/product\/avatara-cd-mp3-download\/\"]}]},{\"@type\":\"BreadcrumbList\",\"@id\":\"https:\/\/janin-andre.com\/en\/product\/avatara-cd-mp3-download\/#breadcrumb\",\"itemListElement\":[{\"@type\":\"ListItem\",\"position\":1,\"name\":\"Startseite\",\"item\":\"https:\/\/janin-andre.com\/\"},{\"@type\":\"ListItem\",\"position\":2,\"name\":\"Shop\",\"item\":\"https:\/\/janin-andre.com\/en\/shop\/\"},{\"@type\":\"ListItem\",\"position\":3,\"name\":\"Avatara Album- MP3 Download\"}]},{\"@type\":\"WebSite\",\"@id\":\"https:\/\/janin-andre.com\/en\/#website\",\"url\":\"https:\/\/janin-andre.com\/en\/\",\"name\":\"Janin Devi & Andr\u00e9 Maris\",\"description\":\"Transforming Artists\",\"publisher\":{\"@id\":\"https:\/\/janin-andre.com\/en\/#organization\"},\"potentialAction\":[{\"@type\":\"SearchAction\",\"target\":{\"@type\":\"EntryPoint\",\"urlTemplate\":\"https:\/\/janin-andre.com\/en\/?s={search_term_string}\"},\"query-input\":\"required name=search_term_string\"}],\"inLanguage\":\"en-GB\"},{\"@type\":\"Organization\",\"@id\":\"https:\/\/janin-andre.com\/en\/#organization\",\"name\":\"Janin Devi & Andr\u00e9 Maris\",\"alternateName\":\"Janin & Anr\u00e9\",\"url\":\"https:\/\/janin-andre.com\/en\/\",\"logo\":{\"@type\":\"ImageObject\",\"inLanguage\":\"en-GB\",\"@id\":\"https:\/\/janin-andre.com\/en\/#\/schema\/logo\/image\/\",\"url\":\"https:\/\/janin-andre.com\/wp-content\/uploads\/2025\/09\/DSC6622-scaled.jpg\",\"contentUrl\":\"https:\/\/janin-andre.com\/wp-content\/uploads\/2025\/09\/DSC6622-scaled.jpg\",\"width\":1920,\"height\":1281,\"caption\":\"Janin Devi & Andr\u00e9 Maris\"},\"image\":{\"@id\":\"https:\/\/janin-andre.com\/en\/#\/schema\/logo\/image\/\"},\"sameAs\":[\"https:\/\/www.facebook.com\/janindevi.andremaris\/?fref=ts\",\"https:\/\/www.youtube.com\/user\/JaninDevi\"]}]}<\/script>\n<!-- \/ Yoast SEO plugin. -->","yoast_head_json":{"title":"Avatara Album- MP3 Download - Janin Devi & Andr\u00e9 Maris","robots":{"index":"index","follow":"follow","max-snippet":"max-snippet:-1","max-image-preview":"max-image-preview:large","max-video-preview":"max-video-preview:-1"},"canonical":"https:\/\/janin-andre.com\/en\/product\/avatara-cd-mp3-download\/","twitter_misc":{"Estimated reading time":"1 minute"},"schema":{"@context":"https:\/\/schema.org","@graph":[{"@type":"WebPage","@id":"https:\/\/janin-andre.com\/en\/product\/avatara-cd-mp3-download\/","url":"https:\/\/janin-andre.com\/en\/product\/avatara-cd-mp3-download\/","name":"Avatara Album- MP3 Download - Janin Devi & Andr\u00e9 Maris","isPartOf":{"@id":"https:\/\/janin-andre.com\/en\/#website"},"datePublished":"2017-05-05T13:31:04+00:00","dateModified":"2022-01-03T17:04:35+00:00","breadcrumb":{"@id":"https:\/\/janin-andre.com\/en\/product\/avatara-cd-mp3-download\/#breadcrumb"},"inLanguage":"en-GB","potentialAction":[{"@type":"ReadAction","target":["https:\/\/janin-andre.com\/en\/product\/avatara-cd-mp3-download\/"]}]},{"@type":"BreadcrumbList","@id":"https:\/\/janin-andre.com\/en\/product\/avatara-cd-mp3-download\/#breadcrumb","itemListElement":[{"@type":"ListItem","position":1,"name":"Startseite","item":"https:\/\/janin-andre.com\/"},{"@type":"ListItem","position":2,"name":"Shop","item":"https:\/\/janin-andre.com\/en\/shop\/"},{"@type":"ListItem","position":3,"name":"Avatara Album- MP3 Download"}]},{"@type":"WebSite","@id":"https:\/\/janin-andre.com\/en\/#website","url":"https:\/\/janin-andre.com\/en\/","name":"Janin Devi & Andr\u00e9 Maris","description":"Transforming Artists","publisher":{"@id":"https:\/\/janin-andre.com\/en\/#organization"},"potentialAction":[{"@type":"SearchAction","target":{"@type":"EntryPoint","urlTemplate":"https:\/\/janin-andre.com\/en\/?s={search_term_string}"},"query-input":"required name=search_term_string"}],"inLanguage":"en-GB"},{"@type":"Organization","@id":"https:\/\/janin-andre.com\/en\/#organization","name":"Janin Devi & Andr\u00e9 Maris","alternateName":"Janin & Anr\u00e9","url":"https:\/\/janin-andre.com\/en\/","logo":{"@type":"ImageObject","inLanguage":"en-GB","@id":"https:\/\/janin-andre.com\/en\/#\/schema\/logo\/image\/","url":"https:\/\/janin-andre.com\/wp-content\/uploads\/2025\/09\/DSC6622-scaled.jpg","contentUrl":"https:\/\/janin-andre.com\/wp-content\/uploads\/2025\/09\/DSC6622-scaled.jpg","width":1920,"height":1281,"caption":"Janin Devi & Andr\u00e9 Maris"},"image":{"@id":"https:\/\/janin-andre.com\/en\/#\/schema\/logo\/image\/"},"sameAs":["https:\/\/www.facebook.com\/janindevi.andremaris\/?fref=ts","https:\/\/www.youtube.com\/user\/JaninDevi"]}]}},"_links":{"self":[{"href":"https:\/\/janin-andre.com\/en\/wp-json\/wp\/v2\/product\/2819","targetHints":{"allow":["GET"]}}],"collection":[{"href":"https:\/\/janin-andre.com\/en\/wp-json\/wp\/v2\/product"}],"about":[{"href":"https:\/\/janin-andre.com\/en\/wp-json\/wp\/v2\/types\/product"}],"wp:featuredmedia":[{"embeddable":true,"href":"https:\/\/janin-andre.com\/en\/wp-json\/wp\/v2\/media\/2820"}],"wp:attachment":[{"href":"https:\/\/janin-andre.com\/en\/wp-json\/wp\/v2\/media?parent=2819"}],"wp:term":[{"taxonomy":"product_cat","embeddable":true,"href":"https:\/\/janin-andre.com\/en\/wp-json\/wp\/v2\/product_cat?post=2819"},{"taxonomy":"product_tag","embeddable":true,"href":"https:\/\/janin-andre.com\/en\/wp-json\/wp\/v2\/product_tag?post=2819"}],"curies":[{"name":"wp","href":"https:\/\/api.w.org\/{rel}","templated":true}]}}