{"id":2325,"date":"2020-05-18T10:19:07","date_gmt":"2020-05-18T08:19:07","guid":{"rendered":"http:\/\/janin-andre.com\/?post_type=product&#038;p=2325"},"modified":"2025-02-04T10:59:09","modified_gmt":"2025-02-04T09:59:09","slug":"heldenreise","status":"publish","type":"product","link":"https:\/\/janin-andre.com\/en\/product\/heldenreise\/","title":{"rendered":"Heldenreise CD"},"content":{"rendered":"<p style=\"font-weight: 400;\">&#8222;Heimw\u00e4rts&#8220; &#8211; was nach dem Ende einer Reise klingt, war f\u00fcr das Bad 19Meinberger Spirit Pop-Duo Janin Devi &amp; Andr\u00e9 Maris erst der Auftakt. Nun liegt ihr zweites gemeinsames Album &#8222;Heldenreise&#8220; vor:<\/p>\n<p style=\"font-weight: 400;\">Zw\u00f6lf neue deutschsprachige Lieder laden zum Mitreisen, Mitsingen und Mitf\u00fchlen ein. Verspielt und tief beseelt besingen Janin und Andr\u00e9 ihre Liebe zueinander, zur Natur und zur friedvollen Vollkommenheit des Seins.<\/p>\n<p style=\"font-weight: 400;\">Dabei werden sie ihrem Selbstverst\u00e4ndnis als &#8222;Transforming Artists&#8220; gleich doppelt gerecht:<br \/>\nZum einen wird fr\u00f6hlich zitiert und neu formiert. Aus der Mitte des Songs &#8222;Kostbare Liebe&#8220; erw\u00e4chst pl\u00f6tzlich das christliche &#8222;Danke f\u00fcr diesen guten Morgen&#8220; in ganz neuem Klanggewand. Und das Sanskrit-Wiegenlied &#8222;Suddhosi Buddhosi&#8220; wird um einen entspannten Rap-Mittelteil bereichert.<\/p>\n<p style=\"font-weight: 400;\">Gleichzeitig l\u00e4dt die pure Poesie der beiden zum inneren Wandel ein: &#8222;Komm, zieh\u2018 die Schuhe aus und geh\u2018 bis an die Klippe deiner Angst&#8220; &#8211; wenn Janin und Andr\u00e9 davon singen, wird die ganze Erfahrung ihrer eigenen Heldenreise sp\u00fcrbar. Jeder Schritt auf diesem Weg \u201eheilt still das weite Herz, bis wir \u00fcberall Frieden sehen&#8220;. Bis wir wissen, dass wir &#8222;viel tiefer sind, als es uns bisher erschien&#8220;.<\/p>\n<p style=\"font-weight: 400;\">Gesang und Musik schmiegen sich in wohltuender 432 Hz-Stimmung aneinander: Janin und Andr\u00e9 pr\u00e4sentieren sich und ihre Botschaften noch klarer, noch offener als auf dem Vorg\u00e4nger-Album. Oft singen sie synchron, mal bewusst allein, dann wieder abwechselnd oder in souliger Mehrstimmigkeit. Musikalisch ist von kraftvoll geweiteten Popsongs \u00fcber Reggae- und Hip Hop-Ankl\u00e4nge bis hin zu Piano-Balladen und einem Acapella-Song alles dabei, ohne je die Linie zu verlieren. Stammproduzent Rocco Horn von der Band &#8222;berge&#8220; hat erneut ganze Arbeit geleistet<\/p>\n<p style=\"font-weight: 400;\">So ist die &#8222;Heldenreise&#8220; in ihrer Gesamtheit eine ebenso bewegte wie bewegende, grundpositive und traumsch\u00f6n gesungene Meditation geworden. Wieviel Transformation, wieviel tiefer Frieden ist wohl m\u00f6glich, wenn immer mehr Menschen sich auf diesen Weg machen &#8211; &#8222;zutiefst ber\u00fchrt, in Stille gef\u00fchrt durch Liebe in Form von Klang&#8220;?<\/p>","protected":false},"excerpt":{"rendered":"<p>&#8222;Heimw\u00e4rts&#8220; &#8211; was nach dem Ende einer Reise klingt, war f\u00fcr das Bad 19Meinberger Spirit Pop-Duo Janin Devi &amp; Andr\u00e9 Maris erst der Auftakt. Nun liegt ihr zweites gemeinsames Album &#8222;Heldenreise&#8220; vor: Zw\u00f6lf neue deutschsprachige Lieder laden zum Mitreisen, Mitsingen und Mitf\u00fchlen ein. Verspielt und tief beseelt besingen Janin und Andr\u00e9 ihre Liebe zueinander, zur [&hellip;]<\/p>","protected":false},"featured_media":2822,"template":"","meta":{"_et_pb_use_builder":"","_et_pb_old_content":"","_et_gb_content_width":""},"product_cat":[7],"product_tag":[],"class_list":["post-2325","product","type-product","status-publish","has-post-thumbnail","hentry","product_cat-cds"],"yoast_head":"<!-- This site is optimized with the Yoast SEO plugin v21.8 - https:\/\/yoast.com\/wordpress\/plugins\/seo\/ -->\n<title>Heldenreise CD - Janin Devi &amp; Andr\u00e9 Maris<\/title>\n<meta name=\"robots\" content=\"index, follow, max-snippet:-1, max-image-preview:large, max-video-preview:-1\" \/>\n<link rel=\"canonical\" href=\"https:\/\/janin-andre.com\/en\/product\/heldenreise\/\" \/>\n<meta name=\"twitter:label1\" content=\"Estimated reading time\" \/>\n\t<meta name=\"twitter:data1\" content=\"2 minutes\" \/>\n<script type=\"application\/ld+json\" class=\"yoast-schema-graph\">{\"@context\":\"https:\/\/schema.org\",\"@graph\":[{\"@type\":\"WebPage\",\"@id\":\"https:\/\/janin-andre.com\/produkt\/heldenreise\/\",\"url\":\"https:\/\/janin-andre.com\/produkt\/heldenreise\/\",\"name\":\"Heldenreise CD - Janin Devi & Andr\u00e9 Maris\",\"isPartOf\":{\"@id\":\"https:\/\/janin-andre.com\/en\/#website\"},\"datePublished\":\"2020-05-18T08:19:07+00:00\",\"dateModified\":\"2025-02-04T09:59:09+00:00\",\"breadcrumb\":{\"@id\":\"https:\/\/janin-andre.com\/produkt\/heldenreise\/#breadcrumb\"},\"inLanguage\":\"en-GB\",\"potentialAction\":[{\"@type\":\"ReadAction\",\"target\":[\"https:\/\/janin-andre.com\/produkt\/heldenreise\/\"]}]},{\"@type\":\"BreadcrumbList\",\"@id\":\"https:\/\/janin-andre.com\/produkt\/heldenreise\/#breadcrumb\",\"itemListElement\":[{\"@type\":\"ListItem\",\"position\":1,\"name\":\"Startseite\",\"item\":\"https:\/\/janin-andre.com\/\"},{\"@type\":\"ListItem\",\"position\":2,\"name\":\"Shop\",\"item\":\"https:\/\/janin-andre.com\/en\/shop\/\"},{\"@type\":\"ListItem\",\"position\":3,\"name\":\"Heldenreise CD\"}]},{\"@type\":\"WebSite\",\"@id\":\"https:\/\/janin-andre.com\/en\/#website\",\"url\":\"https:\/\/janin-andre.com\/en\/\",\"name\":\"Janin Devi & Andr\u00e9 Maris\",\"description\":\"Transforming Artists\",\"publisher\":{\"@id\":\"https:\/\/janin-andre.com\/en\/#organization\"},\"potentialAction\":[{\"@type\":\"SearchAction\",\"target\":{\"@type\":\"EntryPoint\",\"urlTemplate\":\"https:\/\/janin-andre.com\/en\/?s={search_term_string}\"},\"query-input\":\"required name=search_term_string\"}],\"inLanguage\":\"en-GB\"},{\"@type\":\"Organization\",\"@id\":\"https:\/\/janin-andre.com\/en\/#organization\",\"name\":\"Janin Devi & Andr\u00e9 Maris\",\"alternateName\":\"Janin & Anr\u00e9\",\"url\":\"https:\/\/janin-andre.com\/en\/\",\"logo\":{\"@type\":\"ImageObject\",\"inLanguage\":\"en-GB\",\"@id\":\"https:\/\/janin-andre.com\/en\/#\/schema\/logo\/image\/\",\"url\":\"https:\/\/janin-andre.com\/wp-content\/uploads\/2025\/09\/DSC6622-scaled.jpg\",\"contentUrl\":\"https:\/\/janin-andre.com\/wp-content\/uploads\/2025\/09\/DSC6622-scaled.jpg\",\"width\":1920,\"height\":1281,\"caption\":\"Janin Devi & Andr\u00e9 Maris\"},\"image\":{\"@id\":\"https:\/\/janin-andre.com\/en\/#\/schema\/logo\/image\/\"},\"sameAs\":[\"https:\/\/www.facebook.com\/janindevi.andremaris\/?fref=ts\",\"https:\/\/www.youtube.com\/user\/JaninDevi\"]}]}<\/script>\n<!-- \/ Yoast SEO plugin. -->","yoast_head_json":{"title":"Heldenreise CD - Janin Devi & Andr\u00e9 Maris","robots":{"index":"index","follow":"follow","max-snippet":"max-snippet:-1","max-image-preview":"max-image-preview:large","max-video-preview":"max-video-preview:-1"},"canonical":"https:\/\/janin-andre.com\/en\/product\/heldenreise\/","twitter_misc":{"Estimated reading time":"2 minutes"},"schema":{"@context":"https:\/\/schema.org","@graph":[{"@type":"WebPage","@id":"https:\/\/janin-andre.com\/produkt\/heldenreise\/","url":"https:\/\/janin-andre.com\/produkt\/heldenreise\/","name":"Heldenreise CD - Janin Devi & Andr\u00e9 Maris","isPartOf":{"@id":"https:\/\/janin-andre.com\/en\/#website"},"datePublished":"2020-05-18T08:19:07+00:00","dateModified":"2025-02-04T09:59:09+00:00","breadcrumb":{"@id":"https:\/\/janin-andre.com\/produkt\/heldenreise\/#breadcrumb"},"inLanguage":"en-GB","potentialAction":[{"@type":"ReadAction","target":["https:\/\/janin-andre.com\/produkt\/heldenreise\/"]}]},{"@type":"BreadcrumbList","@id":"https:\/\/janin-andre.com\/produkt\/heldenreise\/#breadcrumb","itemListElement":[{"@type":"ListItem","position":1,"name":"Startseite","item":"https:\/\/janin-andre.com\/"},{"@type":"ListItem","position":2,"name":"Shop","item":"https:\/\/janin-andre.com\/en\/shop\/"},{"@type":"ListItem","position":3,"name":"Heldenreise CD"}]},{"@type":"WebSite","@id":"https:\/\/janin-andre.com\/en\/#website","url":"https:\/\/janin-andre.com\/en\/","name":"Janin Devi & Andr\u00e9 Maris","description":"Transforming Artists","publisher":{"@id":"https:\/\/janin-andre.com\/en\/#organization"},"potentialAction":[{"@type":"SearchAction","target":{"@type":"EntryPoint","urlTemplate":"https:\/\/janin-andre.com\/en\/?s={search_term_string}"},"query-input":"required name=search_term_string"}],"inLanguage":"en-GB"},{"@type":"Organization","@id":"https:\/\/janin-andre.com\/en\/#organization","name":"Janin Devi & Andr\u00e9 Maris","alternateName":"Janin & Anr\u00e9","url":"https:\/\/janin-andre.com\/en\/","logo":{"@type":"ImageObject","inLanguage":"en-GB","@id":"https:\/\/janin-andre.com\/en\/#\/schema\/logo\/image\/","url":"https:\/\/janin-andre.com\/wp-content\/uploads\/2025\/09\/DSC6622-scaled.jpg","contentUrl":"https:\/\/janin-andre.com\/wp-content\/uploads\/2025\/09\/DSC6622-scaled.jpg","width":1920,"height":1281,"caption":"Janin Devi & Andr\u00e9 Maris"},"image":{"@id":"https:\/\/janin-andre.com\/en\/#\/schema\/logo\/image\/"},"sameAs":["https:\/\/www.facebook.com\/janindevi.andremaris\/?fref=ts","https:\/\/www.youtube.com\/user\/JaninDevi"]}]}},"_links":{"self":[{"href":"https:\/\/janin-andre.com\/en\/wp-json\/wp\/v2\/product\/2325","targetHints":{"allow":["GET"]}}],"collection":[{"href":"https:\/\/janin-andre.com\/en\/wp-json\/wp\/v2\/product"}],"about":[{"href":"https:\/\/janin-andre.com\/en\/wp-json\/wp\/v2\/types\/product"}],"wp:featuredmedia":[{"embeddable":true,"href":"https:\/\/janin-andre.com\/en\/wp-json\/wp\/v2\/media\/2822"}],"wp:attachment":[{"href":"https:\/\/janin-andre.com\/en\/wp-json\/wp\/v2\/media?parent=2325"}],"wp:term":[{"taxonomy":"product_cat","embeddable":true,"href":"https:\/\/janin-andre.com\/en\/wp-json\/wp\/v2\/product_cat?post=2325"},{"taxonomy":"product_tag","embeddable":true,"href":"https:\/\/janin-andre.com\/en\/wp-json\/wp\/v2\/product_tag?post=2325"}],"curies":[{"name":"wp","href":"https:\/\/api.w.org\/{rel}","templated":true}]}}