{"id":1889,"date":"2018-01-11T01:17:00","date_gmt":"2018-01-11T00:17:00","guid":{"rendered":"http:\/\/janin-andre.com\/?post_type=product&#038;p=1889"},"modified":"2023-01-04T14:31:09","modified_gmt":"2023-01-04T13:31:09","slug":"reise-in-die-unendlichkeit-cd","status":"publish","type":"product","link":"https:\/\/janin-andre.com\/en\/product\/reise-in-die-unendlichkeit-cd\/","title":{"rendered":"Yin Mantra Yoga - Journey to Infinity - CD (with yoga instructions)"},"content":{"rendered":"<p><strong>Yin Mantra Yoga &#8211; Reise in die Unendlichkeit<\/strong>\u00a0&#8211; Janin Devi &#038; Andr\u00e9 Maris feat.\u00a0Naissan<\/p>\n<p>Yin Yoga ist die entspannteste Art, Yoga zu betreiben. Die \u00dcbungen werden durch Kissen unterst\u00fctzt und lassen &#8211; wie von selbst &#8211; ein vollkommenes Losgel\u00f6st-Sein entstehen. Ein langsamer, sanfter Klangteppich aus Klavier und Gesang leitet hin zum innersten Ort von Gelassenheit und Freude. Allt\u00e4gliche Verspannungen in K\u00f6rper und Geist l\u00f6sen sich auf und eine tiefe Geborgenheit und Ruhe stellt sich ein. Das innere Kind schl\u00e4ft &#8211; doch es darf tr\u00e4umen.<br \/>\nDie glockenhelle Stimme von Janin Devi wird getragen vom erdigen Bariton ihres Musik- und Seelengef\u00e4hrten Andr\u00e9 Maris.<br \/>\nIn ihren Blicken schimmert das Auge des anderen und so verk\u00f6rpern beide Yin und Yang auf musikalisch-menschliche Weise. Der Kreis um diese Energien wird gebildet von den Pianisten Claude Andalu und David Ma, einem sanft flie\u00dfenden Quell heilsamer Kl\u00e4nge. Geerdet und verk\u00f6rpert<br \/>\nwird die entstehende Schwingung von der Yogalehrerin Naissan, die einf\u00fchlsam und gelassen eine Verbindung zwischen K\u00f6rper und Seele er\u00f6ffnet.<\/p>\n<p>Spieldauer: 73min.<\/p>\n<p><strong>Musiktistel<\/strong><\/p>\n<table width=\"239\">\n<tbody>\n<tr>\n<td width=\"64\">1<\/td>\n<td width=\"111\">Reise in die Unendlichkeit<\/td>\n<td width=\"64\">04:49<\/td>\n<\/tr>\n<tr>\n<td width=\"64\">2<\/td>\n<td width=\"111\">Om Namah Shivaya<\/td>\n<td width=\"64\">08:13<\/td>\n<\/tr>\n<tr>\n<td width=\"64\">3<\/td>\n<td width=\"111\">Ek Ong Kar<\/td>\n<td width=\"64\">09:25<\/td>\n<\/tr>\n<tr>\n<td width=\"64\">4<\/td>\n<td width=\"111\">Hanuman Bolo<\/td>\n<td width=\"64\">07:41<\/td>\n<\/tr>\n<tr>\n<td width=\"64\">5<\/td>\n<td width=\"111\">Saraswati<\/td>\n<td width=\"64\">09:06<\/td>\n<\/tr>\n<tr>\n<td width=\"64\">6<\/td>\n<td width=\"111\">Om Namo Narayanaya<\/td>\n<td width=\"64\">09:03<\/td>\n<\/tr>\n<tr>\n<td width=\"64\">7<\/td>\n<td width=\"111\">Bhajo Radhe Krishna<\/td>\n<td width=\"64\">09:18<\/td>\n<\/tr>\n<tr>\n<td width=\"64\">8<\/td>\n<td width=\"111\">So Ham<\/td>\n<td width=\"64\">07:16<\/td>\n<\/tr>\n<tr>\n<td width=\"64\">9<\/td>\n<td width=\"111\">Reise in die Unendlichkeit<\/td>\n<td width=\"64\">08:06<\/td>\n<\/tr>\n<\/tbody>\n<\/table>\n<p>&nbsp;<\/p>","protected":false},"excerpt":{"rendered":"<p>Yin Mantra Yoga &#8211; Reise in die Unendlichkeit\u00a0&#8211; Janin Devi &#038; Andr\u00e9 Maris feat.\u00a0Naissan Yin Yoga ist die entspannteste Art, Yoga zu betreiben. Die \u00dcbungen werden durch Kissen unterst\u00fctzt und lassen &#8211; wie von selbst &#8211; ein vollkommenes Losgel\u00f6st-Sein entstehen. Ein langsamer, sanfter Klangteppich aus Klavier und Gesang leitet hin zum innersten Ort von Gelassenheit [&hellip;]<\/p>","protected":false},"featured_media":2306,"template":"","meta":{"_et_pb_use_builder":"","_et_pb_old_content":"","_et_gb_content_width":""},"product_cat":[7],"product_tag":[],"class_list":["post-1889","product","type-product","status-publish","has-post-thumbnail","hentry","product_cat-cds"],"yoast_head":"<!-- This site is optimized with the Yoast SEO plugin v21.8 - https:\/\/yoast.com\/wordpress\/plugins\/seo\/ -->\n<title>Yin Mantra Yoga - Reise in die Unendlichkeit - CD (mit Yoga-Anleitung) - Janin Devi &amp; Andr\u00e9 Maris<\/title>\n<meta name=\"robots\" content=\"index, follow, max-snippet:-1, max-image-preview:large, max-video-preview:-1\" \/>\n<link rel=\"canonical\" href=\"https:\/\/janin-andre.com\/en\/product\/reise-in-die-unendlichkeit-cd\/\" \/>\n<meta name=\"twitter:label1\" content=\"Estimated reading time\" \/>\n\t<meta name=\"twitter:data1\" content=\"1 minute\" \/>\n<script type=\"application\/ld+json\" class=\"yoast-schema-graph\">{\"@context\":\"https:\/\/schema.org\",\"@graph\":[{\"@type\":\"WebPage\",\"@id\":\"https:\/\/janin-andre.com\/produkt\/reise-in-die-unendlichkeit-cd\/\",\"url\":\"https:\/\/janin-andre.com\/produkt\/reise-in-die-unendlichkeit-cd\/\",\"name\":\"Yin Mantra Yoga - Reise in die Unendlichkeit - CD (mit Yoga-Anleitung) - Janin Devi & Andr\u00e9 Maris\",\"isPartOf\":{\"@id\":\"https:\/\/janin-andre.com\/en\/#website\"},\"datePublished\":\"2018-01-11T00:17:00+00:00\",\"dateModified\":\"2023-01-04T13:31:09+00:00\",\"breadcrumb\":{\"@id\":\"https:\/\/janin-andre.com\/produkt\/reise-in-die-unendlichkeit-cd\/#breadcrumb\"},\"inLanguage\":\"en-GB\",\"potentialAction\":[{\"@type\":\"ReadAction\",\"target\":[\"https:\/\/janin-andre.com\/produkt\/reise-in-die-unendlichkeit-cd\/\"]}]},{\"@type\":\"BreadcrumbList\",\"@id\":\"https:\/\/janin-andre.com\/produkt\/reise-in-die-unendlichkeit-cd\/#breadcrumb\",\"itemListElement\":[{\"@type\":\"ListItem\",\"position\":1,\"name\":\"Startseite\",\"item\":\"https:\/\/janin-andre.com\/\"},{\"@type\":\"ListItem\",\"position\":2,\"name\":\"Shop\",\"item\":\"https:\/\/janin-andre.com\/en\/shop\/\"},{\"@type\":\"ListItem\",\"position\":3,\"name\":\"Yin Mantra Yoga &#8211; Reise in die Unendlichkeit &#8211; CD (mit Yoga-Anleitung)\"}]},{\"@type\":\"WebSite\",\"@id\":\"https:\/\/janin-andre.com\/en\/#website\",\"url\":\"https:\/\/janin-andre.com\/en\/\",\"name\":\"Janin Devi & Andr\u00e9 Maris\",\"description\":\"Transforming Artists\",\"publisher\":{\"@id\":\"https:\/\/janin-andre.com\/en\/#organization\"},\"potentialAction\":[{\"@type\":\"SearchAction\",\"target\":{\"@type\":\"EntryPoint\",\"urlTemplate\":\"https:\/\/janin-andre.com\/en\/?s={search_term_string}\"},\"query-input\":\"required name=search_term_string\"}],\"inLanguage\":\"en-GB\"},{\"@type\":\"Organization\",\"@id\":\"https:\/\/janin-andre.com\/en\/#organization\",\"name\":\"Janin Devi & Andr\u00e9 Maris\",\"alternateName\":\"Janin & Anr\u00e9\",\"url\":\"https:\/\/janin-andre.com\/en\/\",\"logo\":{\"@type\":\"ImageObject\",\"inLanguage\":\"en-GB\",\"@id\":\"https:\/\/janin-andre.com\/en\/#\/schema\/logo\/image\/\",\"url\":\"https:\/\/janin-andre.com\/wp-content\/uploads\/2025\/09\/DSC6622-scaled.jpg\",\"contentUrl\":\"https:\/\/janin-andre.com\/wp-content\/uploads\/2025\/09\/DSC6622-scaled.jpg\",\"width\":1920,\"height\":1281,\"caption\":\"Janin Devi & Andr\u00e9 Maris\"},\"image\":{\"@id\":\"https:\/\/janin-andre.com\/en\/#\/schema\/logo\/image\/\"},\"sameAs\":[\"https:\/\/www.facebook.com\/janindevi.andremaris\/?fref=ts\",\"https:\/\/www.youtube.com\/user\/JaninDevi\"]}]}<\/script>\n<!-- \/ Yoast SEO plugin. -->","yoast_head_json":{"title":"Yin Mantra Yoga - Reise in die Unendlichkeit - CD (mit Yoga-Anleitung) - Janin Devi & Andr\u00e9 Maris","robots":{"index":"index","follow":"follow","max-snippet":"max-snippet:-1","max-image-preview":"max-image-preview:large","max-video-preview":"max-video-preview:-1"},"canonical":"https:\/\/janin-andre.com\/en\/product\/reise-in-die-unendlichkeit-cd\/","twitter_misc":{"Estimated reading time":"1 minute"},"schema":{"@context":"https:\/\/schema.org","@graph":[{"@type":"WebPage","@id":"https:\/\/janin-andre.com\/produkt\/reise-in-die-unendlichkeit-cd\/","url":"https:\/\/janin-andre.com\/produkt\/reise-in-die-unendlichkeit-cd\/","name":"Yin Mantra Yoga - Reise in die Unendlichkeit - CD (mit Yoga-Anleitung) - Janin Devi & Andr\u00e9 Maris","isPartOf":{"@id":"https:\/\/janin-andre.com\/en\/#website"},"datePublished":"2018-01-11T00:17:00+00:00","dateModified":"2023-01-04T13:31:09+00:00","breadcrumb":{"@id":"https:\/\/janin-andre.com\/produkt\/reise-in-die-unendlichkeit-cd\/#breadcrumb"},"inLanguage":"en-GB","potentialAction":[{"@type":"ReadAction","target":["https:\/\/janin-andre.com\/produkt\/reise-in-die-unendlichkeit-cd\/"]}]},{"@type":"BreadcrumbList","@id":"https:\/\/janin-andre.com\/produkt\/reise-in-die-unendlichkeit-cd\/#breadcrumb","itemListElement":[{"@type":"ListItem","position":1,"name":"Startseite","item":"https:\/\/janin-andre.com\/"},{"@type":"ListItem","position":2,"name":"Shop","item":"https:\/\/janin-andre.com\/en\/shop\/"},{"@type":"ListItem","position":3,"name":"Yin Mantra Yoga &#8211; Reise in die Unendlichkeit &#8211; CD (mit Yoga-Anleitung)"}]},{"@type":"WebSite","@id":"https:\/\/janin-andre.com\/en\/#website","url":"https:\/\/janin-andre.com\/en\/","name":"Janin Devi & Andr\u00e9 Maris","description":"Transforming Artists","publisher":{"@id":"https:\/\/janin-andre.com\/en\/#organization"},"potentialAction":[{"@type":"SearchAction","target":{"@type":"EntryPoint","urlTemplate":"https:\/\/janin-andre.com\/en\/?s={search_term_string}"},"query-input":"required name=search_term_string"}],"inLanguage":"en-GB"},{"@type":"Organization","@id":"https:\/\/janin-andre.com\/en\/#organization","name":"Janin Devi & Andr\u00e9 Maris","alternateName":"Janin & Anr\u00e9","url":"https:\/\/janin-andre.com\/en\/","logo":{"@type":"ImageObject","inLanguage":"en-GB","@id":"https:\/\/janin-andre.com\/en\/#\/schema\/logo\/image\/","url":"https:\/\/janin-andre.com\/wp-content\/uploads\/2025\/09\/DSC6622-scaled.jpg","contentUrl":"https:\/\/janin-andre.com\/wp-content\/uploads\/2025\/09\/DSC6622-scaled.jpg","width":1920,"height":1281,"caption":"Janin Devi & Andr\u00e9 Maris"},"image":{"@id":"https:\/\/janin-andre.com\/en\/#\/schema\/logo\/image\/"},"sameAs":["https:\/\/www.facebook.com\/janindevi.andremaris\/?fref=ts","https:\/\/www.youtube.com\/user\/JaninDevi"]}]}},"_links":{"self":[{"href":"https:\/\/janin-andre.com\/en\/wp-json\/wp\/v2\/product\/1889","targetHints":{"allow":["GET"]}}],"collection":[{"href":"https:\/\/janin-andre.com\/en\/wp-json\/wp\/v2\/product"}],"about":[{"href":"https:\/\/janin-andre.com\/en\/wp-json\/wp\/v2\/types\/product"}],"wp:featuredmedia":[{"embeddable":true,"href":"https:\/\/janin-andre.com\/en\/wp-json\/wp\/v2\/media\/2306"}],"wp:attachment":[{"href":"https:\/\/janin-andre.com\/en\/wp-json\/wp\/v2\/media?parent=1889"}],"wp:term":[{"taxonomy":"product_cat","embeddable":true,"href":"https:\/\/janin-andre.com\/en\/wp-json\/wp\/v2\/product_cat?post=1889"},{"taxonomy":"product_tag","embeddable":true,"href":"https:\/\/janin-andre.com\/en\/wp-json\/wp\/v2\/product_tag?post=1889"}],"curies":[{"name":"wp","href":"https:\/\/api.w.org\/{rel}","templated":true}]}}