{"id":1367,"date":"2017-04-28T09:33:03","date_gmt":"2017-04-28T07:33:03","guid":{"rendered":"http:\/\/www.janindevi.com\/produkt\/heimwaerts-cd-9-stuecke-noten-songtext\/"},"modified":"2022-12-19T14:37:52","modified_gmt":"2022-12-19T13:37:52","slug":"heimwaerts-songbook","status":"publish","type":"product","link":"https:\/\/janin-andre.com\/en\/product\/heimwaerts-songbook\/","title":{"rendered":"Heimw\u00e4rts Songbook Download &#8211; Akkorde &#038; Songtexte"},"content":{"rendered":"<p>Akkorde und Songtexte von 10 Songs (26 Seiten) in A4 Format als Download<\/p>\n<p><strong>Akkorde &#038; Songtexte folgender St\u00fccke<\/strong><\/p>\n<ul>\n<li>Lieb dich selbst<\/li>\n<li>Jetzt und Hier<\/li>\n<li>Heimw\u00e4rts<\/li>\n<li>Kind der Natur<\/li>\n<li>Sing mit mir<\/li>\n<li>Am Anfang<\/li>\n<li>Wenn ich dich vermisse<\/li>\n<li>Wogen<\/li>\n<li>Du machst mich gro\u00df<\/li>\n<li>Unendlichkeit<\/li>\n<\/ul>","protected":false},"excerpt":{"rendered":"<p>Akkorde und Songtexte von 10 Songs (26 Seiten) in A4 Format als Download Akkorde &#038; Songtexte folgender St\u00fccke Lieb dich selbst Jetzt und Hier Heimw\u00e4rts Kind der Natur Sing mit mir Am Anfang Wenn ich dich vermisse Wogen Du machst mich gro\u00df Unendlichkeit<\/p>","protected":false},"featured_media":4440,"template":"","meta":{"_et_pb_use_builder":"","_et_pb_old_content":"","_et_gb_content_width":""},"product_cat":[14],"product_tag":[],"class_list":["post-1367","product","type-product","status-publish","has-post-thumbnail","hentry","product_cat-akkorde-und-sontexte"],"yoast_head":"<!-- This site is optimized with the Yoast SEO plugin v21.8 - https:\/\/yoast.com\/wordpress\/plugins\/seo\/ -->\n<title>Heimw\u00e4rts Songbook Download - Akkorde &amp; Songtexte - Janin Devi &amp; Andr\u00e9 Maris<\/title>\n<meta name=\"robots\" content=\"index, follow, max-snippet:-1, max-image-preview:large, max-video-preview:-1\" \/>\n<link rel=\"canonical\" href=\"https:\/\/janin-andre.com\/en\/product\/heimwaerts-songbook\/\" \/>\n<script type=\"application\/ld+json\" class=\"yoast-schema-graph\">{\"@context\":\"https:\/\/schema.org\",\"@graph\":[{\"@type\":\"WebPage\",\"@id\":\"https:\/\/janin-andre.com\/produkt\/heimwaerts-songbook\/\",\"url\":\"https:\/\/janin-andre.com\/produkt\/heimwaerts-songbook\/\",\"name\":\"Heimw\u00e4rts Songbook Download - Akkorde & Songtexte - Janin Devi & Andr\u00e9 Maris\",\"isPartOf\":{\"@id\":\"https:\/\/janin-andre.com\/en\/#website\"},\"datePublished\":\"2017-04-28T07:33:03+00:00\",\"dateModified\":\"2022-12-19T13:37:52+00:00\",\"breadcrumb\":{\"@id\":\"https:\/\/janin-andre.com\/produkt\/heimwaerts-songbook\/#breadcrumb\"},\"inLanguage\":\"en-GB\",\"potentialAction\":[{\"@type\":\"ReadAction\",\"target\":[\"https:\/\/janin-andre.com\/produkt\/heimwaerts-songbook\/\"]}]},{\"@type\":\"BreadcrumbList\",\"@id\":\"https:\/\/janin-andre.com\/produkt\/heimwaerts-songbook\/#breadcrumb\",\"itemListElement\":[{\"@type\":\"ListItem\",\"position\":1,\"name\":\"Startseite\",\"item\":\"https:\/\/janin-andre.com\/\"},{\"@type\":\"ListItem\",\"position\":2,\"name\":\"Shop\",\"item\":\"https:\/\/janin-andre.com\/en\/shop\/\"},{\"@type\":\"ListItem\",\"position\":3,\"name\":\"Heimw\u00e4rts Songbook Download &#8211; Akkorde &#038; Songtexte\"}]},{\"@type\":\"WebSite\",\"@id\":\"https:\/\/janin-andre.com\/en\/#website\",\"url\":\"https:\/\/janin-andre.com\/en\/\",\"name\":\"Janin Devi & Andr\u00e9 Maris\",\"description\":\"Transforming Artists\",\"publisher\":{\"@id\":\"https:\/\/janin-andre.com\/en\/#organization\"},\"potentialAction\":[{\"@type\":\"SearchAction\",\"target\":{\"@type\":\"EntryPoint\",\"urlTemplate\":\"https:\/\/janin-andre.com\/en\/?s={search_term_string}\"},\"query-input\":\"required name=search_term_string\"}],\"inLanguage\":\"en-GB\"},{\"@type\":\"Organization\",\"@id\":\"https:\/\/janin-andre.com\/en\/#organization\",\"name\":\"Janin Devi & Andr\u00e9 Maris\",\"alternateName\":\"Janin & Anr\u00e9\",\"url\":\"https:\/\/janin-andre.com\/en\/\",\"logo\":{\"@type\":\"ImageObject\",\"inLanguage\":\"en-GB\",\"@id\":\"https:\/\/janin-andre.com\/en\/#\/schema\/logo\/image\/\",\"url\":\"https:\/\/janin-andre.com\/wp-content\/uploads\/2025\/09\/DSC6622-scaled.jpg\",\"contentUrl\":\"https:\/\/janin-andre.com\/wp-content\/uploads\/2025\/09\/DSC6622-scaled.jpg\",\"width\":1920,\"height\":1281,\"caption\":\"Janin Devi & Andr\u00e9 Maris\"},\"image\":{\"@id\":\"https:\/\/janin-andre.com\/en\/#\/schema\/logo\/image\/\"},\"sameAs\":[\"https:\/\/www.facebook.com\/janindevi.andremaris\/?fref=ts\",\"https:\/\/www.youtube.com\/user\/JaninDevi\"]}]}<\/script>\n<!-- \/ Yoast SEO plugin. -->","yoast_head_json":{"title":"Heimw\u00e4rts Songbook Download - Akkorde & Songtexte - Janin Devi & Andr\u00e9 Maris","robots":{"index":"index","follow":"follow","max-snippet":"max-snippet:-1","max-image-preview":"max-image-preview:large","max-video-preview":"max-video-preview:-1"},"canonical":"https:\/\/janin-andre.com\/en\/product\/heimwaerts-songbook\/","schema":{"@context":"https:\/\/schema.org","@graph":[{"@type":"WebPage","@id":"https:\/\/janin-andre.com\/produkt\/heimwaerts-songbook\/","url":"https:\/\/janin-andre.com\/produkt\/heimwaerts-songbook\/","name":"Heimw\u00e4rts Songbook Download - Akkorde & Songtexte - Janin Devi & Andr\u00e9 Maris","isPartOf":{"@id":"https:\/\/janin-andre.com\/en\/#website"},"datePublished":"2017-04-28T07:33:03+00:00","dateModified":"2022-12-19T13:37:52+00:00","breadcrumb":{"@id":"https:\/\/janin-andre.com\/produkt\/heimwaerts-songbook\/#breadcrumb"},"inLanguage":"en-GB","potentialAction":[{"@type":"ReadAction","target":["https:\/\/janin-andre.com\/produkt\/heimwaerts-songbook\/"]}]},{"@type":"BreadcrumbList","@id":"https:\/\/janin-andre.com\/produkt\/heimwaerts-songbook\/#breadcrumb","itemListElement":[{"@type":"ListItem","position":1,"name":"Startseite","item":"https:\/\/janin-andre.com\/"},{"@type":"ListItem","position":2,"name":"Shop","item":"https:\/\/janin-andre.com\/en\/shop\/"},{"@type":"ListItem","position":3,"name":"Heimw\u00e4rts Songbook Download &#8211; Akkorde &#038; Songtexte"}]},{"@type":"WebSite","@id":"https:\/\/janin-andre.com\/en\/#website","url":"https:\/\/janin-andre.com\/en\/","name":"Janin Devi & Andr\u00e9 Maris","description":"Transforming Artists","publisher":{"@id":"https:\/\/janin-andre.com\/en\/#organization"},"potentialAction":[{"@type":"SearchAction","target":{"@type":"EntryPoint","urlTemplate":"https:\/\/janin-andre.com\/en\/?s={search_term_string}"},"query-input":"required name=search_term_string"}],"inLanguage":"en-GB"},{"@type":"Organization","@id":"https:\/\/janin-andre.com\/en\/#organization","name":"Janin Devi & Andr\u00e9 Maris","alternateName":"Janin & Anr\u00e9","url":"https:\/\/janin-andre.com\/en\/","logo":{"@type":"ImageObject","inLanguage":"en-GB","@id":"https:\/\/janin-andre.com\/en\/#\/schema\/logo\/image\/","url":"https:\/\/janin-andre.com\/wp-content\/uploads\/2025\/09\/DSC6622-scaled.jpg","contentUrl":"https:\/\/janin-andre.com\/wp-content\/uploads\/2025\/09\/DSC6622-scaled.jpg","width":1920,"height":1281,"caption":"Janin Devi & Andr\u00e9 Maris"},"image":{"@id":"https:\/\/janin-andre.com\/en\/#\/schema\/logo\/image\/"},"sameAs":["https:\/\/www.facebook.com\/janindevi.andremaris\/?fref=ts","https:\/\/www.youtube.com\/user\/JaninDevi"]}]}},"_links":{"self":[{"href":"https:\/\/janin-andre.com\/en\/wp-json\/wp\/v2\/product\/1367","targetHints":{"allow":["GET"]}}],"collection":[{"href":"https:\/\/janin-andre.com\/en\/wp-json\/wp\/v2\/product"}],"about":[{"href":"https:\/\/janin-andre.com\/en\/wp-json\/wp\/v2\/types\/product"}],"wp:featuredmedia":[{"embeddable":true,"href":"https:\/\/janin-andre.com\/en\/wp-json\/wp\/v2\/media\/4440"}],"wp:attachment":[{"href":"https:\/\/janin-andre.com\/en\/wp-json\/wp\/v2\/media?parent=1367"}],"wp:term":[{"taxonomy":"product_cat","embeddable":true,"href":"https:\/\/janin-andre.com\/en\/wp-json\/wp\/v2\/product_cat?post=1367"},{"taxonomy":"product_tag","embeddable":true,"href":"https:\/\/janin-andre.com\/en\/wp-json\/wp\/v2\/product_tag?post=1367"}],"curies":[{"name":"wp","href":"https:\/\/api.w.org\/{rel}","templated":true}]}}