{"id":1060,"date":"2020-05-15T10:10:23","date_gmt":"2020-05-15T08:10:23","guid":{"rendered":"http:\/\/www.janindevi.com\/?post_type=product&#038;p=1060"},"modified":"2025-02-04T10:59:23","modified_gmt":"2025-02-04T09:59:23","slug":"heimwaerts","status":"publish","type":"product","link":"https:\/\/janin-andre.com\/en\/product\/heimwaerts\/","title":{"rendered":"Heimw\u00e4rts &#8211; CD"},"content":{"rendered":"<p><strong>Heimw\u00e4rts <\/strong>&#8211; Janin Devi &amp; Andr\u00e9 Maris,<br \/>\n<em>Deutsche Spirit-Pop Musik die ber\u00fchrt<\/em><\/p>\n<p>Unser erstes gemeinsames Album &#8222;Heimw\u00e4rts&#8220;, ist ein Ausdruck unserer magischen Begegnung. Es erz\u00e4hlt die Geschichte von uns: zwei Seelen, die im &#8222;Jetzt und Hier&#8220; zueinander finden.<\/p>\n<p>Mit dieser CD m\u00f6chten wir deine Seele und dein Herz zum l\u00e4cheln bringen.<\/p>\n<p>Feiere mit uns die Liebe schwelgend und den Fluss des Lebens tanzend, die wundersch\u00f6ne Natur staunend und den Frieden voller Entschlossenheit.<\/p>\n<p>Wir laden dich ein, dein einzigartiges So-Sein voller Wertsch\u00e4tzung zu umarmen. Lass dich von unserem ganz pers\u00f6nlichen Album ber\u00fchren.Eine \u00dcberraschung wartet am Ende der CD \u2013 die Herzmeditation.<\/p>\n<p>Fazit: Das Album \u201eHeimw\u00e4rts\u201c trifft den Nerv der Zeit und ber\u00fchrt vielschichtig. Es ist wohl die erste CD, auf der Deutsche Popmusik und Meditation sich vereinigen, womit scheinbar unterschiedlche Welten zueinander finden.<\/p>\n<p>Spieldauer: 57:37 min<\/p>\n<table id=\"dmusic_tracklist_content\" class=\"a-keyvalue a-align-center a-spacing-base a-span12\" data-browsesubscriptionmode=\"PRIME\" data-clientip=\"178.0.28.62\" data-customer=\"A1WKMHN80P83L6\" data-devicetype=\"A20X0GIASH11T2\" data-market=\"A1PA6795UKMFR9\" data-pagetype=\"detail-album\" data-parentasin=\"B01N94I5O9\" data-requestid=\"CZ8G747VPBXBS789S28P\" data-selectionsourceid=\"B01N94I5O9\" data-selectionsourcetype=\"ALBUM\" data-session=\"253-0472083-6483913\" data-showtou=\"false\" data-stream=\"true\" data-ubid=\"254-6405924-1574641\" data-useragent=\"Mozilla\/5.0 (Windows NT 6.1; WOW64; rv:50.0) Gecko\/20100101 Firefox\/50.0\">\n<tbody>\n<tr id=\"dmusic_tracklist_player_row_B01MTNZ1RB\" class=\"a-text-left a-align-center darkenOnHover\">\n<td class=\"a-text-center a-align-center SampleColumn\"><span class=\"a-size-small TrackNumber\">1<\/span><\/td>\n<td id=\"dmusic_tracklist_track_title_B01MTNZ1RB\" class=\"a-text-left a-align-center a-span-flex TrackTitleColumn\">\n<div class=\"a-section a-spacing-none a-padding-none overflow_ellipsis\">Lieb dich selbst<\/div>\n<\/td>\n<td id=\"dmusic_tracklist_duration_B01MTNZ1RB\" class=\"a-text-right a-align-center\"><span class=\"a-size-small a-color-secondary\">2:47<\/span><\/td>\n<td id=\"dmusic_tracklist_popularity_B01MTNZ1RB\" class=\"a-text-center a-align-center PopularityColumn\"><\/td>\n<td id=\"dmusic_tracklist_digital_buttons_B01MTNZ1RB\" class=\"a-text-center a-align-center TracklistButtonsColumn DE\"><\/td>\n<\/tr>\n<tr id=\"dmusic_tracklist_player_row_B01N52W0RA\" class=\"a-text-left a-align-center darkenOnHover\">\n<td class=\"a-text-center a-align-center SampleColumn\"><span class=\"a-size-small TrackNumber\">2<\/span><\/td>\n<td id=\"dmusic_tracklist_track_title_B01N52W0RA\" class=\"a-text-left a-align-center a-span-flex TrackTitleColumn\">\n<div class=\"a-section a-spacing-none a-padding-none overflow_ellipsis\">Jetzt und Hier<\/div>\n<\/td>\n<td id=\"dmusic_tracklist_duration_B01N52W0RA\" class=\"a-text-right a-align-center\"><span class=\"a-size-small a-color-secondary\">3:45<\/span><\/td>\n<td id=\"dmusic_tracklist_popularity_B01N52W0RA\" class=\"a-text-center a-align-center PopularityColumn\"><\/td>\n<td id=\"dmusic_tracklist_digital_buttons_B01N52W0RA\" class=\"a-text-center a-align-center TracklistButtonsColumn DE\"><\/td>\n<\/tr>\n<tr id=\"dmusic_tracklist_player_row_B01MQJINED\" class=\"a-text-left a-align-center darkenOnHover NowPlaying\">\n<td class=\"a-text-center a-align-center SampleColumn\">\u00a03.<\/td>\n<td id=\"dmusic_tracklist_track_title_B01MQJINED\" class=\"a-text-left a-align-center a-span-flex TrackTitleColumn\">\n<div class=\"a-section a-spacing-none a-padding-none overflow_ellipsis\">Heimw\u00e4rts<\/div>\n<\/td>\n<td id=\"dmusic_tracklist_duration_B01MQJINED\" class=\"a-text-right a-align-center\"><span class=\"a-size-small a-color-secondary\">4:14<\/span><\/td>\n<td id=\"dmusic_tracklist_popularity_B01MQJINED\" class=\"a-text-center a-align-center PopularityColumn\"><\/td>\n<td id=\"dmusic_tracklist_digital_buttons_B01MQJINED\" class=\"a-text-center a-align-center TracklistButtonsColumn DE\"><\/td>\n<\/tr>\n<tr id=\"dmusic_tracklist_player_row_B01MYN8U8S\" class=\"a-text-left a-align-center darkenOnHover\">\n<td class=\"a-text-center a-align-center SampleColumn\"><span class=\"a-size-small TrackNumber\">4<\/span><\/td>\n<td id=\"dmusic_tracklist_track_title_B01MYN8U8S\" class=\"a-text-left a-align-center a-span-flex TrackTitleColumn\">\n<div class=\"a-section a-spacing-none a-padding-none overflow_ellipsis\">Sing mit mir<\/div>\n<\/td>\n<td id=\"dmusic_tracklist_duration_B01MYN8U8S\" class=\"a-text-right a-align-center\"><span class=\"a-size-small a-color-secondary\">3:08<\/span><\/td>\n<td id=\"dmusic_tracklist_popularity_B01MYN8U8S\" class=\"a-text-center a-align-center PopularityColumn\"><\/td>\n<td id=\"dmusic_tracklist_digital_buttons_B01MYN8U8S\" class=\"a-text-center a-align-center TracklistButtonsColumn DE\"><\/td>\n<\/tr>\n<tr id=\"dmusic_tracklist_player_row_B01MXLQR39\" class=\"a-text-left a-align-center darkenOnHover\">\n<td class=\"a-text-center a-align-center SampleColumn\"><span class=\"a-size-small TrackNumber\">5<\/span><\/td>\n<td id=\"dmusic_tracklist_track_title_B01MXLQR39\" class=\"a-text-left a-align-center a-span-flex TrackTitleColumn\">\n<div class=\"a-section a-spacing-none a-padding-none overflow_ellipsis\">Kind der Natur<\/div>\n<\/td>\n<td id=\"dmusic_tracklist_duration_B01MXLQR39\" class=\"a-text-right a-align-center\"><span class=\"a-size-small a-color-secondary\">3:46<\/span><\/td>\n<td id=\"dmusic_tracklist_popularity_B01MXLQR39\" class=\"a-text-center a-align-center PopularityColumn\"><\/td>\n<td id=\"dmusic_tracklist_digital_buttons_B01MXLQR39\" class=\"a-text-center a-align-center TracklistButtonsColumn DE\"><\/td>\n<\/tr>\n<tr id=\"dmusic_tracklist_player_row_B01MRKWHJB\" class=\"a-text-left a-align-center darkenOnHover\">\n<td class=\"a-text-center a-align-center SampleColumn\"><span class=\"a-size-small TrackNumber\">6<\/span><\/td>\n<td id=\"dmusic_tracklist_track_title_B01MRKWHJB\" class=\"a-text-left a-align-center a-span-flex TrackTitleColumn\">\n<div class=\"a-section a-spacing-none a-padding-none overflow_ellipsis\">Am Anfang<\/div>\n<\/td>\n<td id=\"dmusic_tracklist_duration_B01MRKWHJB\" class=\"a-text-right a-align-center\"><span class=\"a-size-small a-color-secondary\">2:37<\/span><\/td>\n<td id=\"dmusic_tracklist_popularity_B01MRKWHJB\" class=\"a-text-center a-align-center PopularityColumn\"><\/td>\n<td id=\"dmusic_tracklist_digital_buttons_B01MRKWHJB\" class=\"a-text-center a-align-center TracklistButtonsColumn DE\"><\/td>\n<\/tr>\n<tr id=\"dmusic_tracklist_player_row_B01MXLQYW7\" class=\"a-text-left a-align-center darkenOnHover\">\n<td class=\"a-text-center a-align-center SampleColumn\"><span class=\"a-size-small TrackNumber\">7<\/span><\/td>\n<td id=\"dmusic_tracklist_track_title_B01MXLQYW7\" class=\"a-text-left a-align-center a-span-flex TrackTitleColumn\">\n<div class=\"a-section a-spacing-none a-padding-none overflow_ellipsis\">Wenn ich dich vermisse<\/div>\n<\/td>\n<td id=\"dmusic_tracklist_duration_B01MXLQYW7\" class=\"a-text-right a-align-center\"><span class=\"a-size-small a-color-secondary\">2:45<\/span><\/td>\n<td id=\"dmusic_tracklist_popularity_B01MXLQYW7\" class=\"a-text-center a-align-center PopularityColumn\"><\/td>\n<td id=\"dmusic_tracklist_digital_buttons_B01MXLQYW7\" class=\"a-text-center a-align-center TracklistButtonsColumn DE\"><\/td>\n<\/tr>\n<tr id=\"dmusic_tracklist_player_row_B01MTNZJQE\" class=\"a-text-left a-align-center darkenOnHover\">\n<td class=\"a-text-center a-align-center SampleColumn\"><span class=\"a-size-small TrackNumber\">8<\/span><\/td>\n<td id=\"dmusic_tracklist_track_title_B01MTNZJQE\" class=\"a-text-left a-align-center a-span-flex TrackTitleColumn\">\n<div class=\"a-section a-spacing-none a-padding-none overflow_ellipsis\">Wogen<\/div>\n<\/td>\n<td id=\"dmusic_tracklist_duration_B01MTNZJQE\" class=\"a-text-right a-align-center\"><span class=\"a-size-small a-color-secondary\">4:24<\/span><\/td>\n<td id=\"dmusic_tracklist_popularity_B01MTNZJQE\" class=\"a-text-center a-align-center PopularityColumn\"><\/td>\n<td id=\"dmusic_tracklist_digital_buttons_B01MTNZJQE\" class=\"a-text-center a-align-center TracklistButtonsColumn DE\"><\/td>\n<\/tr>\n<tr id=\"dmusic_tracklist_player_row_B01MQJIKR4\" class=\"a-text-left a-align-center darkenOnHover\">\n<td class=\"a-text-center a-align-center SampleColumn\"><span class=\"a-size-small TrackNumber\">9<\/span><\/td>\n<td id=\"dmusic_tracklist_track_title_B01MQJIKR4\" class=\"a-text-left a-align-center a-span-flex TrackTitleColumn\">\n<div class=\"a-section a-spacing-none a-padding-none overflow_ellipsis\">Du machst mich gro\u00df<\/div>\n<\/td>\n<td id=\"dmusic_tracklist_duration_B01MQJIKR4\" class=\"a-text-right a-align-center\"><span class=\"a-size-small a-color-secondary\">3:24<\/span><\/td>\n<td id=\"dmusic_tracklist_popularity_B01MQJIKR4\" class=\"a-text-center a-align-center PopularityColumn\"><\/td>\n<td id=\"dmusic_tracklist_digital_buttons_B01MQJIKR4\" class=\"a-text-center a-align-center TracklistButtonsColumn DE\"><\/td>\n<\/tr>\n<tr id=\"dmusic_tracklist_player_row_B01N945CGE\" class=\"a-text-left a-align-center darkenOnHover\">\n<td class=\"a-text-center a-align-center SampleColumn\"><span class=\"a-size-small TrackNumber\">10<\/span><\/td>\n<td id=\"dmusic_tracklist_track_title_B01N945CGE\" class=\"a-text-left a-align-center a-span-flex TrackTitleColumn\">\n<div class=\"a-section a-spacing-none a-padding-none overflow_ellipsis\">Unendlichkeit<\/div>\n<\/td>\n<td id=\"dmusic_tracklist_duration_B01N945CGE\" class=\"a-text-right a-align-center\"><span class=\"a-size-small a-color-secondary\">4:43<\/span><\/td>\n<td id=\"dmusic_tracklist_popularity_B01N945CGE\" class=\"a-text-center a-align-center PopularityColumn\"><\/td>\n<td id=\"dmusic_tracklist_digital_buttons_B01N945CGE\" class=\"a-text-center a-align-center TracklistButtonsColumn DE\"><\/td>\n<\/tr>\n<tr id=\"dmusic_tracklist_player_row_B01MYN8XOJ\" class=\"a-text-left a-align-center darkenOnHover\">\n<td class=\"a-text-center a-align-center SampleColumn\"><span class=\"a-size-small TrackNumber\">11<\/span><\/td>\n<td id=\"dmusic_tracklist_track_title_B01MYN8XOJ\" class=\"a-text-left a-align-center a-span-flex TrackTitleColumn\">\n<div class=\"a-section a-spacing-none a-padding-none overflow_ellipsis\">Herzmeditation<\/div>\n<\/td>\n<td id=\"dmusic_tracklist_duration_B01N945CGE\" class=\"a-text-right a-align-center\"><span class=\"a-size-small a-color-secondary\">4:43<\/span><\/td>\n<td id=\"dmusic_tracklist_popularity_B01N945CGE\" class=\"a-text-center a-align-center PopularityColumn\"><\/td>\n<td id=\"dmusic_tracklist_digital_buttons_B01N945CGE\" class=\"a-text-center a-align-center TracklistButtonsColumn DE\"><\/td>\n<\/tr>\n<\/tbody>\n<\/table>","protected":false},"excerpt":{"rendered":"<p>Heimw\u00e4rts &#8211; Janin Devi &amp; Andr\u00e9 Maris, Deutsche Spirit-Pop Musik die ber\u00fchrt Unser erstes gemeinsames Album &#8222;Heimw\u00e4rts&#8220;, ist ein Ausdruck unserer magischen Begegnung. Es erz\u00e4hlt die Geschichte von uns: zwei Seelen, die im &#8222;Jetzt und Hier&#8220; zueinander finden. Mit dieser CD m\u00f6chten wir deine Seele und dein Herz zum l\u00e4cheln bringen. Feiere mit uns die [&hellip;]<\/p>","protected":false},"featured_media":1592,"template":"","meta":{"_et_pb_use_builder":"","_et_pb_old_content":"","_et_gb_content_width":""},"product_cat":[7],"product_tag":[34,32,33,55,53,54],"class_list":["post-1060","product","type-product","status-publish","has-post-thumbnail","hentry","product_cat-cds","product_tag-andre-maris","product_tag-heimwaerts","product_tag-janin-devi","product_tag-liebeslieder","product_tag-pop","product_tag-songs"],"yoast_head":"<!-- This site is optimized with the Yoast SEO plugin v21.8 - https:\/\/yoast.com\/wordpress\/plugins\/seo\/ -->\n<title>Heimw\u00e4rts - CD - Janin Devi &amp; Andr\u00e9 Maris<\/title>\n<meta name=\"robots\" content=\"index, follow, max-snippet:-1, max-image-preview:large, max-video-preview:-1\" \/>\n<link rel=\"canonical\" href=\"https:\/\/janin-andre.com\/en\/product\/heimwaerts\/\" \/>\n<meta name=\"twitter:label1\" content=\"Estimated reading time\" \/>\n\t<meta name=\"twitter:data1\" content=\"2 minutes\" \/>\n<script type=\"application\/ld+json\" class=\"yoast-schema-graph\">{\"@context\":\"https:\/\/schema.org\",\"@graph\":[{\"@type\":\"WebPage\",\"@id\":\"https:\/\/janin-andre.com\/produkt\/heimwaerts\/\",\"url\":\"https:\/\/janin-andre.com\/produkt\/heimwaerts\/\",\"name\":\"Heimw\u00e4rts - CD - Janin Devi & Andr\u00e9 Maris\",\"isPartOf\":{\"@id\":\"https:\/\/janin-andre.com\/en\/#website\"},\"datePublished\":\"2020-05-15T08:10:23+00:00\",\"dateModified\":\"2025-02-04T09:59:23+00:00\",\"breadcrumb\":{\"@id\":\"https:\/\/janin-andre.com\/produkt\/heimwaerts\/#breadcrumb\"},\"inLanguage\":\"en-GB\",\"potentialAction\":[{\"@type\":\"ReadAction\",\"target\":[\"https:\/\/janin-andre.com\/produkt\/heimwaerts\/\"]}]},{\"@type\":\"BreadcrumbList\",\"@id\":\"https:\/\/janin-andre.com\/produkt\/heimwaerts\/#breadcrumb\",\"itemListElement\":[{\"@type\":\"ListItem\",\"position\":1,\"name\":\"Startseite\",\"item\":\"https:\/\/janin-andre.com\/\"},{\"@type\":\"ListItem\",\"position\":2,\"name\":\"Shop\",\"item\":\"https:\/\/janin-andre.com\/en\/shop\/\"},{\"@type\":\"ListItem\",\"position\":3,\"name\":\"Heimw\u00e4rts &#8211; CD\"}]},{\"@type\":\"WebSite\",\"@id\":\"https:\/\/janin-andre.com\/en\/#website\",\"url\":\"https:\/\/janin-andre.com\/en\/\",\"name\":\"Janin Devi & Andr\u00e9 Maris\",\"description\":\"Transforming Artists\",\"publisher\":{\"@id\":\"https:\/\/janin-andre.com\/en\/#organization\"},\"potentialAction\":[{\"@type\":\"SearchAction\",\"target\":{\"@type\":\"EntryPoint\",\"urlTemplate\":\"https:\/\/janin-andre.com\/en\/?s={search_term_string}\"},\"query-input\":\"required name=search_term_string\"}],\"inLanguage\":\"en-GB\"},{\"@type\":\"Organization\",\"@id\":\"https:\/\/janin-andre.com\/en\/#organization\",\"name\":\"Janin Devi & Andr\u00e9 Maris\",\"alternateName\":\"Janin & Anr\u00e9\",\"url\":\"https:\/\/janin-andre.com\/en\/\",\"logo\":{\"@type\":\"ImageObject\",\"inLanguage\":\"en-GB\",\"@id\":\"https:\/\/janin-andre.com\/en\/#\/schema\/logo\/image\/\",\"url\":\"https:\/\/janin-andre.com\/wp-content\/uploads\/2025\/09\/DSC6622-scaled.jpg\",\"contentUrl\":\"https:\/\/janin-andre.com\/wp-content\/uploads\/2025\/09\/DSC6622-scaled.jpg\",\"width\":1920,\"height\":1281,\"caption\":\"Janin Devi & Andr\u00e9 Maris\"},\"image\":{\"@id\":\"https:\/\/janin-andre.com\/en\/#\/schema\/logo\/image\/\"},\"sameAs\":[\"https:\/\/www.facebook.com\/janindevi.andremaris\/?fref=ts\",\"https:\/\/www.youtube.com\/user\/JaninDevi\"]}]}<\/script>\n<!-- \/ Yoast SEO plugin. -->","yoast_head_json":{"title":"Heimw\u00e4rts - CD - Janin Devi & Andr\u00e9 Maris","robots":{"index":"index","follow":"follow","max-snippet":"max-snippet:-1","max-image-preview":"max-image-preview:large","max-video-preview":"max-video-preview:-1"},"canonical":"https:\/\/janin-andre.com\/en\/product\/heimwaerts\/","twitter_misc":{"Estimated reading time":"2 minutes"},"schema":{"@context":"https:\/\/schema.org","@graph":[{"@type":"WebPage","@id":"https:\/\/janin-andre.com\/produkt\/heimwaerts\/","url":"https:\/\/janin-andre.com\/produkt\/heimwaerts\/","name":"Heimw\u00e4rts - CD - Janin Devi & Andr\u00e9 Maris","isPartOf":{"@id":"https:\/\/janin-andre.com\/en\/#website"},"datePublished":"2020-05-15T08:10:23+00:00","dateModified":"2025-02-04T09:59:23+00:00","breadcrumb":{"@id":"https:\/\/janin-andre.com\/produkt\/heimwaerts\/#breadcrumb"},"inLanguage":"en-GB","potentialAction":[{"@type":"ReadAction","target":["https:\/\/janin-andre.com\/produkt\/heimwaerts\/"]}]},{"@type":"BreadcrumbList","@id":"https:\/\/janin-andre.com\/produkt\/heimwaerts\/#breadcrumb","itemListElement":[{"@type":"ListItem","position":1,"name":"Startseite","item":"https:\/\/janin-andre.com\/"},{"@type":"ListItem","position":2,"name":"Shop","item":"https:\/\/janin-andre.com\/en\/shop\/"},{"@type":"ListItem","position":3,"name":"Heimw\u00e4rts &#8211; CD"}]},{"@type":"WebSite","@id":"https:\/\/janin-andre.com\/en\/#website","url":"https:\/\/janin-andre.com\/en\/","name":"Janin Devi & Andr\u00e9 Maris","description":"Transforming Artists","publisher":{"@id":"https:\/\/janin-andre.com\/en\/#organization"},"potentialAction":[{"@type":"SearchAction","target":{"@type":"EntryPoint","urlTemplate":"https:\/\/janin-andre.com\/en\/?s={search_term_string}"},"query-input":"required name=search_term_string"}],"inLanguage":"en-GB"},{"@type":"Organization","@id":"https:\/\/janin-andre.com\/en\/#organization","name":"Janin Devi & Andr\u00e9 Maris","alternateName":"Janin & Anr\u00e9","url":"https:\/\/janin-andre.com\/en\/","logo":{"@type":"ImageObject","inLanguage":"en-GB","@id":"https:\/\/janin-andre.com\/en\/#\/schema\/logo\/image\/","url":"https:\/\/janin-andre.com\/wp-content\/uploads\/2025\/09\/DSC6622-scaled.jpg","contentUrl":"https:\/\/janin-andre.com\/wp-content\/uploads\/2025\/09\/DSC6622-scaled.jpg","width":1920,"height":1281,"caption":"Janin Devi & Andr\u00e9 Maris"},"image":{"@id":"https:\/\/janin-andre.com\/en\/#\/schema\/logo\/image\/"},"sameAs":["https:\/\/www.facebook.com\/janindevi.andremaris\/?fref=ts","https:\/\/www.youtube.com\/user\/JaninDevi"]}]}},"_links":{"self":[{"href":"https:\/\/janin-andre.com\/en\/wp-json\/wp\/v2\/product\/1060","targetHints":{"allow":["GET"]}}],"collection":[{"href":"https:\/\/janin-andre.com\/en\/wp-json\/wp\/v2\/product"}],"about":[{"href":"https:\/\/janin-andre.com\/en\/wp-json\/wp\/v2\/types\/product"}],"wp:featuredmedia":[{"embeddable":true,"href":"https:\/\/janin-andre.com\/en\/wp-json\/wp\/v2\/media\/1592"}],"wp:attachment":[{"href":"https:\/\/janin-andre.com\/en\/wp-json\/wp\/v2\/media?parent=1060"}],"wp:term":[{"taxonomy":"product_cat","embeddable":true,"href":"https:\/\/janin-andre.com\/en\/wp-json\/wp\/v2\/product_cat?post=1060"},{"taxonomy":"product_tag","embeddable":true,"href":"https:\/\/janin-andre.com\/en\/wp-json\/wp\/v2\/product_tag?post=1060"}],"curies":[{"name":"wp","href":"https:\/\/api.w.org\/{rel}","templated":true}]}}