{"id":908,"date":"2016-08-06T12:59:55","date_gmt":"2016-08-06T10:59:55","guid":{"rendered":"http:\/\/www.janindevi.com\/?page_id=908"},"modified":"2017-04-27T23:59:17","modified_gmt":"2017-04-27T21:59:17","slug":"wohnzimmer_mantra_yoga","status":"publish","type":"page","link":"https:\/\/janin-andre.com\/en\/wohnzimmer_mantra_yoga\/","title":{"rendered":"Wohnzimmer Mantra Yoga"},"content":{"rendered":"<p>[et_pb_section admin_label=&#8220;section&#8220; transparent_background=&#8220;off&#8220; allow_player_pause=&#8220;off&#8220; inner_shadow=&#8220;off&#8220; parallax=&#8220;off&#8220; parallax_method=&#8220;off&#8220; padding_mobile=&#8220;off&#8220; make_fullwidth=&#8220;off&#8220; use_custom_width=&#8220;off&#8220; width_unit=&#8220;on&#8220; make_equal=&#8220;off&#8220; use_custom_gutter=&#8220;off&#8220; background_color=&#8220;#ffffff&#8220;][et_pb_row admin_label=&#8220;Zeile&#8220; make_fullwidth=&#8220;on&#8220; use_custom_width=&#8220;off&#8220; width_unit=&#8220;on&#8220; use_custom_gutter=&#8220;off&#8220; padding_mobile=&#8220;off&#8220; allow_player_pause=&#8220;off&#8220; parallax=&#8220;off&#8220; parallax_method=&#8220;off&#8220; make_equal=&#8220;off&#8220; parallax_1=&#8220;off&#8220; parallax_method_1=&#8220;off&#8220; parallax_2=&#8220;off&#8220; parallax_method_2=&#8220;off&#8220; column_padding_mobile=&#8220;on&#8220;][et_pb_column type=&#8220;1_2&#8243;][et_pb_text admin_label=&#8220;Text&#8220; background_layout=&#8220;light&#8220; text_orientation=&#8220;left&#8220; use_border_color=&#8220;off&#8220; border_color=&#8220;#ffffff&#8220; border_style=&#8220;solid&#8220;]<\/p>\n<h2>Anmeldung zur Wohnzimmer Mantra Yin Yogastunde &#8211; 27. Mai\u00a02017<\/h2>\n<p>Hiermit melde ich mich fix f\u00fcr die Mantra Yoga Stunde am 27.05.2017 an und erkl\u00e4re mich bereit, die Teilnahmegeb\u00fchr von \u20ac 20,- im Voraus zu bezahlen.<strong><br \/>\n<\/strong><\/p>\n<p>[\/et_pb_text][et_pb_contact_form admin_label=&#8220;Kontaktformular&#8220; captcha=&#8220;on&#8220; email=&#8220;events@janindevi.com&#8220; custom_message=&#8220;Anmeldung Oster Mantra Yoga:<\/p>\n<p>%%vorname%% %%nachname%%<\/p>\n<p>%%str%%<\/p>\n<p>%%plz%% %%ort%%<\/p>\n<p>Email: %%email%%<\/p>\n<p>Nachricht: %%nachricht%%&#8220; use_redirect=&#8220;on&#8220; input_border_radius=&#8220;0&#8243; use_border_color=&#8220;off&#8220; border_color=&#8220;#ffffff&#8220; border_style=&#8220;solid&#8220; custom_button=&#8220;off&#8220; button_letter_spacing=&#8220;0&#8243; button_use_icon=&#8220;default&#8220; button_icon_placement=&#8220;right&#8220; button_on_hover=&#8220;on&#8220; button_letter_spacing_hover=&#8220;0&#8243; redirect_url=&#8220;https:\/\/janin-andre.com\/mantrayoga-danke&#8220;] [et_pb_contact_field field_title=&#8220;Vorname&#8220; field_type=&#8220;input&#8220; field_id=&#8220;vorname&#8220; required_mark=&#8220;on&#8220; fullwidth_field=&#8220;off&#8220; form_field_font_select=&#8220;default&#8220; form_field_font=&#8220;||||&#8220; use_border_color=&#8220;on&#8220; border_style=&#8220;solid&#8220; field_background_color=&#8220;rgba(136,218,195,0.75)&#8220; input_border_radius=&#8220;2&#8243; form_field_text_color=&#8220;#000000&#8243; border_color=&#8220;#52d8b2&#8243; border_width=&#8220;0.5&#8243;] [\/et_pb_contact_field][et_pb_contact_field field_title=&#8220;Nachname&#8220; field_type=&#8220;input&#8220; field_id=&#8220;nachname&#8220; required_mark=&#8220;on&#8220; fullwidth_field=&#8220;off&#8220; form_field_font_select=&#8220;default&#8220; form_field_font=&#8220;||||&#8220; use_border_color=&#8220;on&#8220; border_style=&#8220;solid&#8220; field_background_color=&#8220;rgba(136,218,195,0.75)&#8220; form_field_text_color=&#8220;#000000&#8243; border_color=&#8220;#52d8b2&#8243; border_width=&#8220;0.5&#8243;] [\/et_pb_contact_field][et_pb_contact_field field_title=&#8220;Stra\u00dfe\/Hausnummer&#8220; field_type=&#8220;input&#8220; field_id=&#8220;str&#8220; required_mark=&#8220;on&#8220; fullwidth_field=&#8220;off&#8220; form_field_font_select=&#8220;default&#8220; form_field_font=&#8220;||||&#8220; use_border_color=&#8220;on&#8220; border_style=&#8220;solid&#8220; field_background_color=&#8220;rgba(136,218,195,0.75)&#8220; form_field_text_color=&#8220;#000000&#8243; border_color=&#8220;#52d8b2&#8243; border_width=&#8220;0.5&#8243;] [\/et_pb_contact_field][et_pb_contact_field field_title=&#8220;Postleitzahl&#8220; field_type=&#8220;input&#8220; field_id=&#8220;plz&#8220; required_mark=&#8220;on&#8220; fullwidth_field=&#8220;off&#8220; form_field_font_select=&#8220;default&#8220; form_field_font=&#8220;||||&#8220; use_border_color=&#8220;on&#8220; border_style=&#8220;solid&#8220; field_background_color=&#8220;rgba(136,218,195,0.75)&#8220; form_field_text_color=&#8220;#000000&#8243; border_color=&#8220;#52d8b2&#8243; border_width=&#8220;0.5&#8243;] [\/et_pb_contact_field][et_pb_contact_field field_title=&#8220;Ort&#8220; field_type=&#8220;input&#8220; field_id=&#8220;ort&#8220; required_mark=&#8220;on&#8220; fullwidth_field=&#8220;off&#8220; form_field_font_select=&#8220;default&#8220; form_field_font=&#8220;||||&#8220; use_border_color=&#8220;on&#8220; border_style=&#8220;solid&#8220; field_background_color=&#8220;rgba(136,218,195,0.75)&#8220; form_field_text_color=&#8220;#000000&#8243; border_color=&#8220;#52d8b2&#8243; border_width=&#8220;0.5&#8243;] [\/et_pb_contact_field][et_pb_contact_field field_title=&#8220;E-Mail-Adresse&#8220; field_type=&#8220;email&#8220; field_id=&#8220;email&#8220; required_mark=&#8220;on&#8220; fullwidth_field=&#8220;off&#8220; form_field_font_select=&#8220;default&#8220; form_field_font=&#8220;||||&#8220; use_border_color=&#8220;on&#8220; border_style=&#8220;solid&#8220; field_background_color=&#8220;rgba(136,218,195,0.75)&#8220; form_field_text_color=&#8220;#000000&#8243; border_width=&#8220;0.5&#8243; border_color=&#8220;#52d8b2&#8243;] [\/et_pb_contact_field][et_pb_contact_field field_title=&#8220;Nachricht&#8220; field_type=&#8220;text&#8220; field_id=&#8220;nachricht&#8220; required_mark=&#8220;off&#8220; fullwidth_field=&#8220;off&#8220; form_field_font_select=&#8220;default&#8220; form_field_font=&#8220;||||&#8220; use_border_color=&#8220;on&#8220; border_style=&#8220;solid&#8220; field_background_color=&#8220;rgba(136,218,195,0.75)&#8220; form_field_text_color=&#8220;#000000&#8243; border_color=&#8220;#52d8b2&#8243; border_width=&#8220;0.5&#8243;] [\/et_pb_contact_field] [\/et_pb_contact_form][et_pb_text admin_label=&#8220;Text&#8220; background_layout=&#8220;light&#8220; text_orientation=&#8220;left&#8220; use_border_color=&#8220;off&#8220; border_color=&#8220;#ffffff&#8220; border_style=&#8220;solid&#8220;]<\/p>\n<p>Da die Teilnehmeranzahl auf 20 begrenzt ist, bitten wir um eine fixe Voranmeldung mit Vorauszahlung. Dazu das Formular mit deinem Namen und deiner Email Adresse ausf\u00fcllen. Danach erh\u00e4ltst du umgehend eine Email mit der genauen Adresse, sowie einer Rechnung f\u00fcr die Teilnahmegeb\u00fchr.<\/p>\n<p>[\/et_pb_text][\/et_pb_column][et_pb_column type=&#8220;1_2&#8243;][et_pb_text admin_label=&#8220;Text&#8220; background_layout=&#8220;light&#8220; text_orientation=&#8220;left&#8220; use_border_color=&#8220;off&#8220; border_color=&#8220;#ffffff&#8220; border_style=&#8220;solid&#8220;]<\/p>\n<p><strong>\u00dcberblick zur Mantra Yin-Yoga Stunde:<br \/>\n<\/strong>in Horn-Bad Meinberg (in unserem Wohnzimmer)<br \/>\nDauer: 120min<br \/>\nTeilnahme 20 \u20ac<\/p>\n<p>&nbsp;<\/p>\n<h4><strong>Bitte eigene Yogamatte und 2-3 Polster sowie eine Decke mitbringen<\/strong><\/h4>\n<p>[\/et_pb_text][et_pb_gallery admin_label=&#8220;Galerie&#8220; gallery_ids=&#8220;1331,1283,1284,1285,1286&#8243; fullwidth=&#8220;on&#8220; show_title_and_caption=&#8220;on&#8220; show_pagination=&#8220;off&#8220; background_layout=&#8220;light&#8220; auto=&#8220;on&#8220; hover_overlay_color=&#8220;rgba(255,255,255,0.9)&#8220; caption_all_caps=&#8220;off&#8220; use_border_color=&#8220;off&#8220; border_color=&#8220;#ffffff&#8220; border_style=&#8220;solid&#8220;] [\/et_pb_gallery][\/et_pb_column][\/et_pb_row][\/et_pb_section]<\/p>","protected":false},"excerpt":{"rendered":"<p>Anmeldung zur Wohnzimmer Mantra Yin Yogastunde &#8211; 27. Mai\u00a02017 Hiermit melde ich mich fix f\u00fcr die Mantra Yoga Stunde am 27.05.2017 an und erkl\u00e4re mich bereit, die Teilnahmegeb\u00fchr von \u20ac 20,- im Voraus zu bezahlen. Da die Teilnehmeranzahl auf 20 begrenzt ist, bitten wir um eine fixe Voranmeldung mit Vorauszahlung. Dazu das Formular mit deinem [&hellip;]<\/p>","protected":false},"author":2,"featured_media":0,"parent":0,"menu_order":0,"comment_status":"closed","ping_status":"closed","template":"","meta":{"_et_pb_use_builder":"on","_et_pb_old_content":"","_et_gb_content_width":"","footnotes":""},"class_list":["post-908","page","type-page","status-publish","hentry"],"yoast_head":"<!-- This site is optimized with the Yoast SEO plugin v21.8 - https:\/\/yoast.com\/wordpress\/plugins\/seo\/ -->\n<title>Wohnzimmer Mantra Yoga - Janin Devi &amp; Andr\u00e9 Maris<\/title>\n<meta name=\"description\" content=\"&quot;Heimw\u00e4rts&quot; - das Album mit dem Titel &quot;Lieb dich Selbst&quot;. Jetzt vorbestellen um \u20ac 19 inkl Versandkosten. Damit unterst\u00fctzt du unser Projekt - Danke\" \/>\n<meta name=\"robots\" content=\"index, follow, max-snippet:-1, max-image-preview:large, max-video-preview:-1\" \/>\n<link rel=\"canonical\" href=\"https:\/\/janin-andre.com\/en\/wohnzimmer_mantra_yoga\/\" \/>\n<meta name=\"twitter:label1\" content=\"Estimated reading time\" \/>\n\t<meta name=\"twitter:data1\" content=\"4 minutes\" \/>\n<script type=\"application\/ld+json\" class=\"yoast-schema-graph\">{\"@context\":\"https:\/\/schema.org\",\"@graph\":[{\"@type\":\"WebPage\",\"@id\":\"https:\/\/janin-andre.com\/wohnzimmer_mantra_yoga\/\",\"url\":\"https:\/\/janin-andre.com\/wohnzimmer_mantra_yoga\/\",\"name\":\"Wohnzimmer Mantra Yoga - Janin Devi & Andr\u00e9 Maris\",\"isPartOf\":{\"@id\":\"https:\/\/janin-andre.com\/en\/#website\"},\"datePublished\":\"2016-08-06T10:59:55+00:00\",\"dateModified\":\"2017-04-27T21:59:17+00:00\",\"description\":\"\\\"Heimw\u00e4rts\\\" - das Album mit dem Titel \\\"Lieb dich Selbst\\\". Jetzt vorbestellen um \u20ac 19 inkl Versandkosten. Damit unterst\u00fctzt du unser Projekt - Danke\",\"breadcrumb\":{\"@id\":\"https:\/\/janin-andre.com\/wohnzimmer_mantra_yoga\/#breadcrumb\"},\"inLanguage\":\"en-GB\",\"potentialAction\":[{\"@type\":\"ReadAction\",\"target\":[\"https:\/\/janin-andre.com\/wohnzimmer_mantra_yoga\/\"]}]},{\"@type\":\"BreadcrumbList\",\"@id\":\"https:\/\/janin-andre.com\/wohnzimmer_mantra_yoga\/#breadcrumb\",\"itemListElement\":[{\"@type\":\"ListItem\",\"position\":1,\"name\":\"Startseite\",\"item\":\"https:\/\/janin-andre.com\/\"},{\"@type\":\"ListItem\",\"position\":2,\"name\":\"Wohnzimmer Mantra Yoga\"}]},{\"@type\":\"WebSite\",\"@id\":\"https:\/\/janin-andre.com\/en\/#website\",\"url\":\"https:\/\/janin-andre.com\/en\/\",\"name\":\"Janin Devi & Andr\u00e9 Maris\",\"description\":\"Transforming Artists\",\"publisher\":{\"@id\":\"https:\/\/janin-andre.com\/en\/#organization\"},\"potentialAction\":[{\"@type\":\"SearchAction\",\"target\":{\"@type\":\"EntryPoint\",\"urlTemplate\":\"https:\/\/janin-andre.com\/en\/?s={search_term_string}\"},\"query-input\":\"required name=search_term_string\"}],\"inLanguage\":\"en-GB\"},{\"@type\":\"Organization\",\"@id\":\"https:\/\/janin-andre.com\/en\/#organization\",\"name\":\"Janin Devi & Andr\u00e9 Maris\",\"alternateName\":\"Janin & Anr\u00e9\",\"url\":\"https:\/\/janin-andre.com\/en\/\",\"logo\":{\"@type\":\"ImageObject\",\"inLanguage\":\"en-GB\",\"@id\":\"https:\/\/janin-andre.com\/en\/#\/schema\/logo\/image\/\",\"url\":\"https:\/\/janin-andre.com\/wp-content\/uploads\/2025\/09\/DSC6622-scaled.jpg\",\"contentUrl\":\"https:\/\/janin-andre.com\/wp-content\/uploads\/2025\/09\/DSC6622-scaled.jpg\",\"width\":1920,\"height\":1281,\"caption\":\"Janin Devi & Andr\u00e9 Maris\"},\"image\":{\"@id\":\"https:\/\/janin-andre.com\/en\/#\/schema\/logo\/image\/\"},\"sameAs\":[\"https:\/\/www.facebook.com\/janindevi.andremaris\/?fref=ts\",\"https:\/\/www.youtube.com\/user\/JaninDevi\"]}]}<\/script>\n<!-- \/ Yoast SEO plugin. -->","yoast_head_json":{"title":"Wohnzimmer Mantra Yoga - Janin Devi & Andr\u00e9 Maris","description":"\"Heimw\u00e4rts\" - das Album mit dem Titel \"Lieb dich Selbst\". Jetzt vorbestellen um \u20ac 19 inkl Versandkosten. Damit unterst\u00fctzt du unser Projekt - Danke","robots":{"index":"index","follow":"follow","max-snippet":"max-snippet:-1","max-image-preview":"max-image-preview:large","max-video-preview":"max-video-preview:-1"},"canonical":"https:\/\/janin-andre.com\/en\/wohnzimmer_mantra_yoga\/","twitter_misc":{"Estimated reading time":"4 minutes"},"schema":{"@context":"https:\/\/schema.org","@graph":[{"@type":"WebPage","@id":"https:\/\/janin-andre.com\/wohnzimmer_mantra_yoga\/","url":"https:\/\/janin-andre.com\/wohnzimmer_mantra_yoga\/","name":"Wohnzimmer Mantra Yoga - Janin Devi & Andr\u00e9 Maris","isPartOf":{"@id":"https:\/\/janin-andre.com\/en\/#website"},"datePublished":"2016-08-06T10:59:55+00:00","dateModified":"2017-04-27T21:59:17+00:00","description":"\"Heimw\u00e4rts\" - das Album mit dem Titel \"Lieb dich Selbst\". Jetzt vorbestellen um \u20ac 19 inkl Versandkosten. Damit unterst\u00fctzt du unser Projekt - Danke","breadcrumb":{"@id":"https:\/\/janin-andre.com\/wohnzimmer_mantra_yoga\/#breadcrumb"},"inLanguage":"en-GB","potentialAction":[{"@type":"ReadAction","target":["https:\/\/janin-andre.com\/wohnzimmer_mantra_yoga\/"]}]},{"@type":"BreadcrumbList","@id":"https:\/\/janin-andre.com\/wohnzimmer_mantra_yoga\/#breadcrumb","itemListElement":[{"@type":"ListItem","position":1,"name":"Startseite","item":"https:\/\/janin-andre.com\/"},{"@type":"ListItem","position":2,"name":"Wohnzimmer Mantra Yoga"}]},{"@type":"WebSite","@id":"https:\/\/janin-andre.com\/en\/#website","url":"https:\/\/janin-andre.com\/en\/","name":"Janin Devi & Andr\u00e9 Maris","description":"Transforming Artists","publisher":{"@id":"https:\/\/janin-andre.com\/en\/#organization"},"potentialAction":[{"@type":"SearchAction","target":{"@type":"EntryPoint","urlTemplate":"https:\/\/janin-andre.com\/en\/?s={search_term_string}"},"query-input":"required name=search_term_string"}],"inLanguage":"en-GB"},{"@type":"Organization","@id":"https:\/\/janin-andre.com\/en\/#organization","name":"Janin Devi & Andr\u00e9 Maris","alternateName":"Janin & Anr\u00e9","url":"https:\/\/janin-andre.com\/en\/","logo":{"@type":"ImageObject","inLanguage":"en-GB","@id":"https:\/\/janin-andre.com\/en\/#\/schema\/logo\/image\/","url":"https:\/\/janin-andre.com\/wp-content\/uploads\/2025\/09\/DSC6622-scaled.jpg","contentUrl":"https:\/\/janin-andre.com\/wp-content\/uploads\/2025\/09\/DSC6622-scaled.jpg","width":1920,"height":1281,"caption":"Janin Devi & Andr\u00e9 Maris"},"image":{"@id":"https:\/\/janin-andre.com\/en\/#\/schema\/logo\/image\/"},"sameAs":["https:\/\/www.facebook.com\/janindevi.andremaris\/?fref=ts","https:\/\/www.youtube.com\/user\/JaninDevi"]}]}},"_links":{"self":[{"href":"https:\/\/janin-andre.com\/en\/wp-json\/wp\/v2\/pages\/908","targetHints":{"allow":["GET"]}}],"collection":[{"href":"https:\/\/janin-andre.com\/en\/wp-json\/wp\/v2\/pages"}],"about":[{"href":"https:\/\/janin-andre.com\/en\/wp-json\/wp\/v2\/types\/page"}],"author":[{"embeddable":true,"href":"https:\/\/janin-andre.com\/en\/wp-json\/wp\/v2\/users\/2"}],"replies":[{"embeddable":true,"href":"https:\/\/janin-andre.com\/en\/wp-json\/wp\/v2\/comments?post=908"}],"version-history":[{"count":33,"href":"https:\/\/janin-andre.com\/en\/wp-json\/wp\/v2\/pages\/908\/revisions"}],"predecessor-version":[{"id":1338,"href":"https:\/\/janin-andre.com\/en\/wp-json\/wp\/v2\/pages\/908\/revisions\/1338"}],"wp:attachment":[{"href":"https:\/\/janin-andre.com\/en\/wp-json\/wp\/v2\/media?parent=908"}],"curies":[{"name":"wp","href":"https:\/\/api.w.org\/{rel}","templated":true}]}}